{"id":231,"date":"2021-07-13T09:34:45","date_gmt":"2021-07-13T07:34:45","guid":{"rendered":"http:\/\/192.168.166.254\/ns\/?page_id=231"},"modified":"2021-09-27T12:54:49","modified_gmt":"2021-09-27T10:54:49","slug":"pulizia-lombardia","status":"publish","type":"page","link":"https:\/\/pulizieuffici.biz\/index.php\/pulizia-lombardia\/","title":{"rendered":"PULITO E PULIZIA"},"content":{"rendered":"\n<div class=\"wp-block-group\"><div class=\"wp-block-group__inner-container is-layout-flow wp-block-group-is-layout-flow\">\n<div class=\"wp-block-group ombra mycontainer\"><div class=\"wp-block-group__inner-container is-layout-flow wp-block-group-is-layout-flow\">\n<h1 class=\"has-text-align-center wp-block-heading\">FACCIAMO UN PO&#8217; DI CHIAREZZA<\/h1>\n\n\n\n<div class=\"wp-block-group\"><div class=\"wp-block-group__inner-container is-layout-flow wp-block-group-is-layout-flow\">\n<div class=\"wp-block-columns is-style-twentytwentyone-columns-overlap is-layout-flex wp-container-core-columns-is-layout-9d6595d7 wp-block-columns-is-layout-flex\">\n<div class=\"wp-block-column is-vertically-aligned-top is-layout-flow wp-block-column-is-layout-flow\">\n<div class=\"wp-block-columns is-style-twentytwentyone-columns-overlap is-layout-flex wp-container-core-columns-is-layout-9d6595d7 wp-block-columns-is-layout-flex\">\n<div class=\"wp-block-column is-vertically-aligned-top is-layout-flow wp-block-column-is-layout-flow\">\n<p><strong>Il Decreto Ministeriale 274\/97<\/strong>&nbsp;li definisce in questo modo:<\/p>\n\n\n\n<ul>\n<li><strong>Pulizia:<\/strong>&nbsp;si intendono tutte quelle operazioni finalizzate a rimuovere polvere, sporcizia e corpi estranei da superfici, oggetti e ambienti.<\/li>\n<li><strong>Disinfezione:&nbsp;<\/strong>fa riferimento all\u2019insieme dei procedimenti utili a distruggere o inattivare i microrganismi patogeni.<\/li>\n<li><strong>Disinfestazione:<\/strong>&nbsp;indica le operazioni volte a distruggere piccoli animali, in particolare artropodi, perch\u00e9 parassiti o vettori di agenti infettivi, e specie vegetali non desiderate.<\/li>\n<li><strong>Derattizzazione:<\/strong>&nbsp;indica gli interventi atti a eliminare o ridurre il numero di ratti e topi.<\/li>\n<li><strong>Sanificazione:<\/strong>&nbsp;include tutti quei comportamenti&nbsp;utili a rendere un ambiente sano mediante la pulizia e la disinfezione, ma anche attraverso procedure come la disinfestazione e il miglioramento delle condizioni del microclima (quindi temperatura, ventilazione, umidit\u00e0, ecc.): si tratta del concetto pi\u00f9 ampio, dunque, in quanto \u201cingloba\u201d ogni azione necessaria a garantire la salubrit\u00e0 degli spazi.<\/li>\n<\/ul>\n\n\n\n<figure class=\"wp-block-image size-large\"><img decoding=\"async\" src=\"https:\/\/pulizieuffici.biz\/img\/batteri.jpg\" alt=\"\"\/><\/figure>\n<\/div>\n\n\n\n<div class=\"wp-block-column is-layout-flow wp-block-column-is-layout-flow\">\n<div class=\"wp-block-image\"><figure class=\"aligncenter size-large\"><img decoding=\"async\" src=\"https:\/\/pulizieuffici.biz\/img\/unnamed.png\" alt=\"\"\/><\/figure><\/div>\n\n\n\n<div style=\"height:336px\" aria-hidden=\"true\" class=\"wp-block-spacer\"><\/div>\n\n\n\n<h3>Pulizia e Disinfezione<\/h3>\n\n\n\n<div class=\"wp-block-group\"><div class=\"wp-block-group__inner-container is-layout-flow wp-block-group-is-layout-flow\">\n<p>Cerchiamo di capire quali sono le differenze tra le due operazioni, gli strumenti adatti e le attrezzature necessarie per effettuarle,<\/p><span style=\"font-size: 14pt;\">DETERGENTI:<\/span> L&#8217;articolo 2.1 del regolamento (CE) n.648\/2004,<span style=\"font-size: 12pt;\">Si definiscono tali: qualsiasi sostanza o miscela contenente saponi e\/o altri tensioattivi. Queste sostanze sono destinate all&#8217;attivit\u00e0 di pulizia<\/span>.&nbsp;Lo scopo dei&nbsp;detergenti \u00e8 quello di&nbsp;agire&nbsp;fisicamente o meccanicamente per rimuovere i depositi indesiderati (sporco visibile), <strong>esercitando una mera azione meccanica<\/strong>.<span style=\"font-size: 14pt;\"><br>DISINFETTANTI:<\/span> L&#8217;articolo 3 del Regolamento (UE) n. 528\/2012,<p><\/p><span style=\"font-size: 12pt;\">Si definiscono tali: qualsiasi sostanza o miscela capace di generare uno o pi\u00f9 principi attivi <span style=\"font-size: 10pt;\">allo scopo di distruggere, eliminare e rendere innocuo, impedirnee l\u2019azione o esercitare altro effetto di controllo su qualsiasi organismo nocivo, <strong>con qualsiasi mezzo diverso dalla mera azione fisica o meccanica.<\/strong><\/span><\/span>Tutto questo \u00e8 stato tratto dalla&nbsp;<a href=\"http:\/\/www.trovanorme.salute.gov.it\/norme\/renderNormsanPdf?anno=2019&amp;codLeg=68070&amp;parte=1%20&amp;serie=null\"><strong>nota del 20 febbraio 2019<\/strong><\/a>&nbsp;del&nbsp;<strong>Ministero della Salute&nbsp;<\/strong>La&nbsp;<span style=\"font-size: 14pt;\"><strong>pulizia<\/strong><\/span>, dunque, \u00e8 un passaggio preliminare, che consente di rimuovere&nbsp;<span style=\"font-size: 12pt;\"><strong>lo sporco \u201cvisibile\u201d<\/strong><\/span>&nbsp;<span style=\"font-size: 12pt;\"><strong>utilizzando l&#8217;azione<\/strong><\/span> <span style=\"font-size: 14pt;\"><strong>meccanica<\/strong><\/span>&nbsp;da vari tipi di superficie: per soddisfare le necessit\u00e0 presenti in questa fase, baster\u00e0 usare un&nbsp;<strong>detergente<\/strong>.<br>la <span style=\"font-size: 14pt;\"><strong>disinfezione<\/strong><\/span>&nbsp;invece&nbsp;\u00e8 un passaggio secondario allo scopo di&nbsp;<span style=\"font-size: 12pt;\"><strong>eliminare i microrganismi potenzialmente nocivi<\/strong><\/span>, tramite la disgregazione o l&#8217;inattivazione.&nbsp;<span style=\"font-size: 14pt;\"><strong><span style=\"font-size: 12pt;\">senza usare l&#8217;azione<\/span> meccanica<\/strong><\/span>.<span style=\"font-size: 14pt;\"><br><h1 style=\"text-align: center;\"><span style=\"font-size: 14pt;\">Quanto \u00e8&nbsp;&#8220;infetto&#8221;<\/span><\/h1><\/span><p>Uno studio dell&#8217;Universit\u00e0 di Surrey ha evidenziato che negli interstizi di uno smartphone sono stati scovati&nbsp;miliardi di ceppi batterici per lo pi\u00f9 innocui, ma \u00e8 stata evidenziata anche la presenza di <strong>staphylococcus aureus<\/strong>, un batterio normalmente presente nelle narici dell&#8217;uomo e in grado di causare infezioni sulla pelle. Lo&nbsp;smatphone \u00e8 &#8220;personale&#8221; ma il telefono dell&#8217;ufficio, la tastiera del computer, l&#8217;interruttore della luce?<\/p>\n<\/div><\/div>\n<\/div>\n<\/div>\n\n\n\n<h1 style=\"text-align: center;\"><span style=\"font-size: 14pt;\">Ogni quanto sanificare<\/span><\/h1>\n\n\n\n<div class=\"wp-block-columns is-style-twentytwentyone-columns-overlap is-layout-flex wp-container-core-columns-is-layout-9d6595d7 wp-block-columns-is-layout-flex\">\n<div class=\"wp-block-column is-layout-flow wp-block-column-is-layout-flow\">\n<ul>\n<li>ha soggiornato nell&#8217;ambiente un soggetto positivo al Covid-19 o ad altre patologie infettive?<\/li>\n<li>quale \u00e8 la frequenza con la quale vengono effettuate le pulizie degli ambienti?<\/li>\n<li>quante persone&nbsp;frequentano e soggiornano nell&#8217;ambiente?<\/li>\n<\/ul>\n<p>Dove sono presenti soggetti infetti \u00e8 fondamentale attivare immediatamente procedure di sanificazione frequenti e adeguate, al fine di abbattere la carica microbica. La prevenzione \u00e8 altrettanto fondamentale, soprattutto per la reale e potenziale presenza di persone asintomatiche.<\/p>\n<p>La pulizia degli ambiente deve essere svolta frequentemente, soprattutto nei locali pi\u00f9 sensibili quali servizi igienici e spogliatoi, mense, sale riunioni e sale break, applicando al termine della normale pulizia una&nbsp;corretta&nbsp;disinfezione questo impedir\u00e0 al virus di trovare un ambiente favorevole.<\/p>\n<p>Dopo questa pandemia&nbsp;comprendiamo&nbsp;ancora di pi\u00f9 quanto la Sanificazione ambientale sia fondamentale per rendere gli ambienti salubri&nbsp;e&nbsp;non si pu\u00f2&nbsp;pi\u00f9 considerare come una attivit\u00e0 di carattere straordinario, ma integrata in un normale contratto&nbsp;ordinario con frequenza periodica programmata.<\/p>\n<\/div>\n<\/div>\n<\/div>\n<\/div>\n<\/div><\/div>\n<\/div><\/div>\n<\/div><\/div>\n\n\n\n<div class=\"wp-block-columns is-style-twentytwentyone-columns-overlap is-layout-flex wp-container-core-columns-is-layout-9d6595d7 wp-block-columns-is-layout-flex\">\n<div class=\"wp-block-column is-vertically-aligned-top is-layout-flow wp-block-column-is-layout-flow\" style=\"flex-basis:100%\">\n<div class=\"wp-block-columns alignwide are-vertically-aligned-top is-style-default mycontainer ombra is-layout-flex wp-container-core-columns-is-layout-9d6595d7 wp-block-columns-is-layout-flex\">\n<div class=\"wp-block-column is-vertically-aligned-top is-layout-flow wp-block-column-is-layout-flow\">\n<p class=\"has-text-align-left\">C.F. \/ P.IVA 12269440157<br><br>CCIAA 1544680<br><br>SDI R7O4GRX<\/p>\n<\/div>\n\n\n\n<div class=\"wp-block-column is-layout-flow wp-block-column-is-layout-flow\">\n<p><a href=\"mailto:info@pegason.it\">info@pegason.it<\/a><br><a href=\"mailto:pecpegaso@pec.it\">pecpegaso@pec.it<\/a><\/p>\n<\/div>\n\n\n\n<div class=\"wp-block-column is-vertically-aligned-top is-layout-flow wp-block-column-is-layout-flow\">\n<div class=\"wp-block-group\"><div class=\"wp-block-group__inner-container is-layout-flow wp-block-group-is-layout-flow\">\n<p>tel <a href=\"tel:+390331407226\">0331407226<\/a><\/p>\n<\/div><\/div>\n<\/div>\n\n\n\n<div class=\"wp-block-column is-layout-flow wp-block-column-is-layout-flow\">\n<p class='infoLocation'>\n\t<div class='divlocation'>\n\t\t<b>Sede Legale<\/b>: <br>\n\t\t\n\t\t\t<a target=\"_blank\" href=\"https:\/\/maps.google.com\/?q=Via Vincenzo Monti, 29 - 20123 Milano\" rel=\"noopener\">Via Vincenzo Monti, 29  20123 Milano<\/a>\n\t\t\n\t<\/div>\n\t<div class='divlocation'>\n\t\t<b>Sede Operativa<\/b>:<br>\n\t\t\n\t\t\t<a target=\"_blank\" href=\"https:\/\/maps.google.com\/?q=Via Cesare Battisti, 5, 20010 Canegrate MI\" rel=\"noopener\">Via Cesare Battisti, 7\/9 20010 Canegrate&nbsp;(Mi)<\/a>\n\t\t\n\t<\/div>\n<\/p>\n<\/div>\n\n\n\n<div class=\"wp-block-column is-vertically-aligned-top is-layout-flow wp-block-column-is-layout-flow\">\n<ul class=\"wp-block-social-links is-style-twentytwentyone-social-icons-color is-style-pill-shape\">\n   <li class=\"wp-social-link wp-social-link-facebook wp-block-social-link\">\n      <a href=\"https:\/\/www.facebook.com\/pegason.it\/\" target=\"_blank\" aria-label=\"Facebook: https:\/\/www.facebook.com\/pegason.it\/\" class=\"wp-block-social-link-anchor\" rel=\"noopener\">\n         <svg width=\"24\" height=\"24\" viewBox=\"0 0 24 24\" version=\"1.1\" xmlns=\"http:\/\/www.w3.org\/2000\/svg\" role=\"img\" aria-hidden=\"true\" focusable=\"false\">\n            <path d=\"M12 2C6.5 2 2 6.5 2 12c0 5 3.7 9.1 8.4 9.9v-7H7.9V12h2.5V9.8c0-2.5 1.5-3.9 3.8-3.9 1.1 0 2.2.2 2.2.2v2.5h-1.3c-1.2 0-1.6.8-1.6 1.6V12h2.8l-.4 2.9h-2.3v7C18.3 21.1 22 17 22 12c0-5.5-4.5-10-10-10z\"><\/path>\n         <\/svg>\n      <\/a>\n   <\/li>\n   <li class=\"wp-social-link wp-social-link-youtube wp-block-social-link\">\n      <a href=\"https:\/\/www.youtube.com\/channel\/UC3NCXo53jotMhcbFie2gUdA\" target=\"_blank\" aria-label=\"YouTube: https:\/\/www.youtube.com\/channel\/UC3NCXo53jotMhcbFie2gUdA\" class=\"wp-block-social-link-anchor\" rel=\"noopener\">\n         <svg width=\"24\" height=\"24\" viewBox=\"0 0 24 24\" version=\"1.1\" xmlns=\"http:\/\/www.w3.org\/2000\/svg\" role=\"img\" aria-hidden=\"true\" focusable=\"false\">\n            <path d=\"M21.8,8.001c0,0-0.195-1.378-0.795-1.985c-0.76-0.797-1.613-0.801-2.004-0.847c-2.799-0.202-6.997-0.202-6.997-0.202 h-0.009c0,0-4.198,0-6.997,0.202C4.608,5.216,3.756,5.22,2.995,6.016C2.395,6.623,2.2,8.001,2.2,8.001S2,9.62,2,11.238v1.517 c0,1.618,0.2,3.237,0.2,3.237s0.195,1.378,0.795,1.985c0.761,0.797,1.76,0.771,2.205,0.855c1.6,0.153,6.8,0.201,6.8,0.201 s4.203-0.006,7.001-0.209c0.391-0.047,1.243-0.051,2.004-0.847c0.6-0.607,0.795-1.985,0.795-1.985s0.2-1.618,0.2-3.237v-1.517 C22,9.62,21.8,8.001,21.8,8.001z M9.935,14.594l-0.001-5.62l5.404,2.82L9.935,14.594z\"><\/path>\n         <\/svg>\n      <\/a>\n   <\/li>\n   \n   <li class=\"wp-social-link wp-block-social-link\" style=\"background-color: white;border: solid grey 0.5px\">\n\t\t<a href=\"https:\/\/wa.me\/+393783014522\" target=\"_blank\" aria-label=\"Whatsapp\" class=\"wp-block-social-link-anchor\" rel=\"noopener\">\n\t\t\t<svg xmlns=\"http:\/\/www.w3.org\/2000\/svg\" width=\"39\" height=\"39\" viewBox=\"0 0 39 39\"><path fill=\"#00E676\" d=\"M10.7 32.8l.6.3c2.5 1.5 5.3 2.2 8.1 2.2 8.8 0 16-7.2 16-16 0-4.2-1.7-8.3-4.7-11.3s-7-4.7-11.3-4.7c-8.8 0-16 7.2-15.9 16.1 0 3 .9 5.9 2.4 8.4l.4.6-1.6 5.9 6-1.5z\"><\/path><path fill=\"#FFF\" d=\"M32.4 6.4C29 2.9 24.3 1 19.5 1 9.3 1 1.1 9.3 1.2 19.4c0 3.2.9 6.3 2.4 9.1L1 38l9.7-2.5c2.7 1.5 5.7 2.2 8.7 2.2 10.1 0 18.3-8.3 18.3-18.4 0-4.9-1.9-9.5-5.3-12.9zM19.5 34.6c-2.7 0-5.4-.7-7.7-2.1l-.6-.3-5.8 1.5L6.9 28l-.4-.6c-4.4-7.1-2.3-16.5 4.9-20.9s16.5-2.3 20.9 4.9 2.3 16.5-4.9 20.9c-2.3 1.5-5.1 2.3-7.9 2.3zm8.8-11.1l-1.1-.5s-1.6-.7-2.6-1.2c-.1 0-.2-.1-.3-.1-.3 0-.5.1-.7.2 0 0-.1.1-1.5 1.7-.1.2-.3.3-.5.3h-.1c-.1 0-.3-.1-.4-.2l-.5-.2c-1.1-.5-2.1-1.1-2.9-1.9-.2-.2-.5-.4-.7-.6-.7-.7-1.4-1.5-1.9-2.4l-.1-.2c-.1-.1-.1-.2-.2-.4 0-.2 0-.4.1-.5 0 0 .4-.5.7-.8.2-.2.3-.5.5-.7.2-.3.3-.7.2-1-.1-.5-1.3-3.2-1.6-3.8-.2-.3-.4-.4-.7-.5h-1.1c-.2 0-.4.1-.6.1l-.1.1c-.2.1-.4.3-.6.4-.2.2-.3.4-.5.6-.7.9-1.1 2-1.1 3.1 0 .8.2 1.6.5 2.3l.1.3c.9 1.9 2.1 3.6 3.7 5.1l.4.4c.3.3.6.5.8.8 2.1 1.8 4.5 3.1 7.2 3.8.3.1.7.1 1 .2h1c.5 0 1.1-.2 1.5-.4.3-.2.5-.2.7-.4l.2-.2c.2-.2.4-.3.6-.5s.4-.4.5-.6c.2-.4.3-.9.4-1.4v-.7s-.1-.1-.3-.2z\"><\/path><\/svg>\n\t\t<\/a>\n\t<\/li>\n<\/ul>\n\n\n\n<p><\/p>\n<\/div>\n<\/div>\n<\/div>\n<\/div>\n\n\n\n<p><\/p>\n","protected":false},"excerpt":{"rendered":"<p>FACCIAMO UN PO&#8217; DI CHIAREZZA Il Decreto Ministeriale 274\/97&nbsp;li definisce in questo modo: Pulizia:&nbsp;si intendono tutte quelle operazioni finalizzate a rimuovere polvere, sporcizia e corpi estranei da superfici, oggetti e ambienti. Disinfezione:&nbsp;fa riferimento all\u2019insieme dei procedimenti utili a distruggere o inattivare i microrganismi patogeni. Disinfestazione:&nbsp;indica le operazioni volte a distruggere piccoli animali, in particolare artropodi, [&hellip;]<\/p>\n","protected":false},"author":1,"featured_media":0,"parent":0,"menu_order":0,"comment_status":"closed","ping_status":"closed","template":"page-template\/home-template.php","meta":{"footnotes":""},"class_list":["post-231","page","type-page","status-publish","hentry"],"yoast_head":"<!-- This site is optimized with the Yoast SEO plugin v17.9 - https:\/\/yoast.com\/wordpress\/plugins\/seo\/ -->\n<title>PULITO E PULIZIA &#8902; Pegaso S.R.L Pulizie Lombardia, Milano Varese Bergamo Brescia<\/title>\n<meta name=\"description\" content=\"Pulizia di uffici, produzioni, negozi e palestre in Lombardia in sicurezza e con professionalit\u00e0. Il miglior compromesso prezzo\/qualit\u00e0\" \/>\n<meta name=\"robots\" content=\"index, follow, max-snippet:-1, max-image-preview:large, max-video-preview:-1\" \/>\n<link rel=\"canonical\" href=\"https:\/\/pulizieuffici.biz\/index.php\/pulizia-lombardia\/\" \/>\n<meta property=\"og:locale\" content=\"it_IT\" \/>\n<meta property=\"og:type\" content=\"article\" \/>\n<meta property=\"og:title\" content=\"PULITO E PULIZIA &#8902; Pegaso S.R.L Pulizie Lombardia, Milano Varese Bergamo Brescia\" \/>\n<meta property=\"og:description\" content=\"Pulizia di uffici, produzioni, negozi e palestre in Lombardia in sicurezza e con professionalit\u00e0. Il miglior compromesso prezzo\/qualit\u00e0\" \/>\n<meta property=\"og:url\" content=\"https:\/\/pulizieuffici.biz\/index.php\/pulizia-lombardia\/\" \/>\n<meta property=\"og:site_name\" content=\"Pegaso S.R.L\" \/>\n<meta property=\"article:publisher\" content=\"https:\/\/www.facebook.com\/pegason.it\" \/>\n<meta property=\"article:modified_time\" content=\"2021-09-27T10:54:49+00:00\" \/>\n<meta property=\"og:image\" content=\"https:\/\/pulizieuffici.biz\/img\/batteri.jpg\" \/>\n<meta name=\"twitter:card\" content=\"summary_large_image\" \/>\n<meta name=\"twitter:label1\" content=\"Tempo di lettura stimato\" \/>\n\t<meta name=\"twitter:data1\" content=\"3 minuti\" \/>\n<script type=\"application\/ld+json\" class=\"yoast-schema-graph\">{\"@context\":\"https:\/\/schema.org\",\"@graph\":[{\"@type\":\"Organization\",\"@id\":\"https:\/\/pulizieuffici.biz\/#organization\",\"name\":\"Pegaso srl\",\"url\":\"https:\/\/pulizieuffici.biz\/\",\"sameAs\":[\"https:\/\/www.facebook.com\/pegason.it\"],\"logo\":{\"@type\":\"ImageObject\",\"@id\":\"https:\/\/pulizieuffici.biz\/#logo\",\"inLanguage\":\"it-IT\",\"url\":\"https:\/\/pulizieuffici.biz\/wp-content\/uploads\/2021\/08\/logo3.png\",\"contentUrl\":\"https:\/\/pulizieuffici.biz\/wp-content\/uploads\/2021\/08\/logo3.png\",\"width\":200,\"height\":200,\"caption\":\"Pegaso srl\"},\"image\":{\"@id\":\"https:\/\/pulizieuffici.biz\/#logo\"}},{\"@type\":\"WebSite\",\"@id\":\"https:\/\/pulizieuffici.biz\/#website\",\"url\":\"https:\/\/pulizieuffici.biz\/\",\"name\":\"Pegaso S.R.L\",\"description\":\"Il mito del pulito!\",\"publisher\":{\"@id\":\"https:\/\/pulizieuffici.biz\/#organization\"},\"potentialAction\":[{\"@type\":\"SearchAction\",\"target\":{\"@type\":\"EntryPoint\",\"urlTemplate\":\"https:\/\/pulizieuffici.biz\/?s={search_term_string}\"},\"query-input\":\"required name=search_term_string\"}],\"inLanguage\":\"it-IT\"},{\"@type\":\"ImageObject\",\"@id\":\"https:\/\/pulizieuffici.biz\/index.php\/pulizia-lombardia\/#primaryimage\",\"inLanguage\":\"it-IT\",\"url\":\"https:\/\/pulizieuffici.biz\/img\/batteri.jpg\",\"contentUrl\":\"https:\/\/pulizieuffici.biz\/img\/batteri.jpg\"},{\"@type\":\"WebPage\",\"@id\":\"https:\/\/pulizieuffici.biz\/index.php\/pulizia-lombardia\/#webpage\",\"url\":\"https:\/\/pulizieuffici.biz\/index.php\/pulizia-lombardia\/\",\"name\":\"PULITO E PULIZIA &#8902; Pegaso S.R.L Pulizie Lombardia, Milano Varese Bergamo Brescia\",\"isPartOf\":{\"@id\":\"https:\/\/pulizieuffici.biz\/#website\"},\"primaryImageOfPage\":{\"@id\":\"https:\/\/pulizieuffici.biz\/index.php\/pulizia-lombardia\/#primaryimage\"},\"datePublished\":\"2021-07-13T07:34:45+00:00\",\"dateModified\":\"2021-09-27T10:54:49+00:00\",\"description\":\"Pulizia di uffici, produzioni, negozi e palestre in Lombardia in sicurezza e con professionalit\\u00e0. Il miglior compromesso prezzo\/qualit\\u00e0\",\"breadcrumb\":{\"@id\":\"https:\/\/pulizieuffici.biz\/index.php\/pulizia-lombardia\/#breadcrumb\"},\"inLanguage\":\"it-IT\",\"potentialAction\":[{\"@type\":\"ReadAction\",\"target\":[\"https:\/\/pulizieuffici.biz\/index.php\/pulizia-lombardia\/\"]}]},{\"@type\":\"BreadcrumbList\",\"@id\":\"https:\/\/pulizieuffici.biz\/index.php\/pulizia-lombardia\/#breadcrumb\",\"itemListElement\":[{\"@type\":\"ListItem\",\"position\":1,\"name\":\"Home\",\"item\":\"https:\/\/pulizieuffici.biz\/\"},{\"@type\":\"ListItem\",\"position\":2,\"name\":\"PULITO E PULIZIA\"}]}]}<\/script>\n<!-- \/ Yoast SEO plugin. -->","yoast_head_json":{"title":"PULITO E PULIZIA &#8902; Pegaso S.R.L Pulizie Lombardia, Milano Varese Bergamo Brescia","description":"Pulizia di uffici, produzioni, negozi e palestre in Lombardia in sicurezza e con professionalit\u00e0. Il miglior compromesso prezzo\/qualit\u00e0","robots":{"index":"index","follow":"follow","max-snippet":"max-snippet:-1","max-image-preview":"max-image-preview:large","max-video-preview":"max-video-preview:-1"},"canonical":"https:\/\/pulizieuffici.biz\/index.php\/pulizia-lombardia\/","og_locale":"it_IT","og_type":"article","og_title":"PULITO E PULIZIA &#8902; Pegaso S.R.L Pulizie Lombardia, Milano Varese Bergamo Brescia","og_description":"Pulizia di uffici, produzioni, negozi e palestre in Lombardia in sicurezza e con professionalit\u00e0. Il miglior compromesso prezzo\/qualit\u00e0","og_url":"https:\/\/pulizieuffici.biz\/index.php\/pulizia-lombardia\/","og_site_name":"Pegaso S.R.L","article_publisher":"https:\/\/www.facebook.com\/pegason.it","article_modified_time":"2021-09-27T10:54:49+00:00","og_image":[{"url":"https:\/\/pulizieuffici.biz\/img\/batteri.jpg"}],"twitter_card":"summary_large_image","twitter_misc":{"Tempo di lettura stimato":"3 minuti"},"schema":{"@context":"https:\/\/schema.org","@graph":[{"@type":"Organization","@id":"https:\/\/pulizieuffici.biz\/#organization","name":"Pegaso srl","url":"https:\/\/pulizieuffici.biz\/","sameAs":["https:\/\/www.facebook.com\/pegason.it"],"logo":{"@type":"ImageObject","@id":"https:\/\/pulizieuffici.biz\/#logo","inLanguage":"it-IT","url":"https:\/\/pulizieuffici.biz\/wp-content\/uploads\/2021\/08\/logo3.png","contentUrl":"https:\/\/pulizieuffici.biz\/wp-content\/uploads\/2021\/08\/logo3.png","width":200,"height":200,"caption":"Pegaso srl"},"image":{"@id":"https:\/\/pulizieuffici.biz\/#logo"}},{"@type":"WebSite","@id":"https:\/\/pulizieuffici.biz\/#website","url":"https:\/\/pulizieuffici.biz\/","name":"Pegaso S.R.L","description":"Il mito del pulito!","publisher":{"@id":"https:\/\/pulizieuffici.biz\/#organization"},"potentialAction":[{"@type":"SearchAction","target":{"@type":"EntryPoint","urlTemplate":"https:\/\/pulizieuffici.biz\/?s={search_term_string}"},"query-input":"required name=search_term_string"}],"inLanguage":"it-IT"},{"@type":"ImageObject","@id":"https:\/\/pulizieuffici.biz\/index.php\/pulizia-lombardia\/#primaryimage","inLanguage":"it-IT","url":"https:\/\/pulizieuffici.biz\/img\/batteri.jpg","contentUrl":"https:\/\/pulizieuffici.biz\/img\/batteri.jpg"},{"@type":"WebPage","@id":"https:\/\/pulizieuffici.biz\/index.php\/pulizia-lombardia\/#webpage","url":"https:\/\/pulizieuffici.biz\/index.php\/pulizia-lombardia\/","name":"PULITO E PULIZIA &#8902; Pegaso S.R.L Pulizie Lombardia, Milano Varese Bergamo Brescia","isPartOf":{"@id":"https:\/\/pulizieuffici.biz\/#website"},"primaryImageOfPage":{"@id":"https:\/\/pulizieuffici.biz\/index.php\/pulizia-lombardia\/#primaryimage"},"datePublished":"2021-07-13T07:34:45+00:00","dateModified":"2021-09-27T10:54:49+00:00","description":"Pulizia di uffici, produzioni, negozi e palestre in Lombardia in sicurezza e con professionalit\u00e0. Il miglior compromesso prezzo\/qualit\u00e0","breadcrumb":{"@id":"https:\/\/pulizieuffici.biz\/index.php\/pulizia-lombardia\/#breadcrumb"},"inLanguage":"it-IT","potentialAction":[{"@type":"ReadAction","target":["https:\/\/pulizieuffici.biz\/index.php\/pulizia-lombardia\/"]}]},{"@type":"BreadcrumbList","@id":"https:\/\/pulizieuffici.biz\/index.php\/pulizia-lombardia\/#breadcrumb","itemListElement":[{"@type":"ListItem","position":1,"name":"Home","item":"https:\/\/pulizieuffici.biz\/"},{"@type":"ListItem","position":2,"name":"PULITO E PULIZIA"}]}]}},"_links":{"self":[{"href":"https:\/\/pulizieuffici.biz\/index.php\/wp-json\/wp\/v2\/pages\/231","targetHints":{"allow":["GET"]}}],"collection":[{"href":"https:\/\/pulizieuffici.biz\/index.php\/wp-json\/wp\/v2\/pages"}],"about":[{"href":"https:\/\/pulizieuffici.biz\/index.php\/wp-json\/wp\/v2\/types\/page"}],"author":[{"embeddable":true,"href":"https:\/\/pulizieuffici.biz\/index.php\/wp-json\/wp\/v2\/users\/1"}],"replies":[{"embeddable":true,"href":"https:\/\/pulizieuffici.biz\/index.php\/wp-json\/wp\/v2\/comments?post=231"}],"version-history":[{"count":175,"href":"https:\/\/pulizieuffici.biz\/index.php\/wp-json\/wp\/v2\/pages\/231\/revisions"}],"predecessor-version":[{"id":840,"href":"https:\/\/pulizieuffici.biz\/index.php\/wp-json\/wp\/v2\/pages\/231\/revisions\/840"}],"wp:attachment":[{"href":"https:\/\/pulizieuffici.biz\/index.php\/wp-json\/wp\/v2\/media?parent=231"}],"curies":[{"name":"wp","href":"https:\/\/api.w.org\/{rel}","templated":true}]}}