{"id":29,"date":"2021-06-14T15:31:34","date_gmt":"2021-06-14T13:31:34","guid":{"rendered":"http:\/\/192.168.166.254\/ns\/?page_id=29"},"modified":"2021-07-27T10:51:46","modified_gmt":"2021-07-27T08:51:46","slug":"specializzati-in","status":"publish","type":"page","link":"https:\/\/pulizieuffici.biz\/index.php\/specializzati-in\/","title":{"rendered":"SPECIALIZZATI IN"},"content":{"rendered":"\n<div class=\"wp-block-group mycontainer ombra\"><div class=\"wp-block-group__inner-container is-layout-flow wp-block-group-is-layout-flow\">\n<h2 class=\"has-text-align-center wp-block-heading\">LAVAGGIO VETRI<\/h2>\n\n\n\n<p>Lavaggio vetri in quota, grazie alle nuove tecnologie, siamo in grado di effettuare il lavaggio di superfici vetrate fino a 15mt rimanendo in&nbsp;<strong>sicurezza<\/strong>&nbsp;con i piedi per terra risparmiando i costi di noleggio piattaforma aerea, occupazione suolo pubblico oltre che sui tempi di lavaggio. Tutti questi vantaggi vengono messi a disposizione del cliente per offrirgli un costo sempre inferiore ed una qualit\u00e0 sempre maggiore. Chiedici quanto costa, saremo lieti di&nbsp;fartelo sapere senza nessun impegno.<\/p>\n\n\n\n<figure class=\"wp-block-embed is-type-video is-provider-youtube wp-block-embed-youtube wp-embed-aspect-4-3 wp-has-aspect-ratio\"><div class=\"wp-block-embed__wrapper\">\nhttps:\/\/youtu.be\/TSsUUwgxMwk\n<\/div><\/figure>\n\n\n\n<hr class=\"wp-block-separator\"\/>\n\n\n\n<h2 class=\"has-text-align-center wp-block-heading\">SCHIUMATURA<\/h2>\n\n\n\n<p>Usiamo la schiuma per sanificare i rivestimenti ceramici perch\u00e9 riesce a penetrare nelle fughe e&nbsp;persiste sulla parete eliminando&nbsp;la proliferazione batterica fino al 99%<\/p>\n\n\n\n<figure class=\"wp-block-embed is-type-video is-provider-youtube wp-block-embed-youtube wp-embed-aspect-4-3 wp-has-aspect-ratio\"><div class=\"wp-block-embed__wrapper\">\nhttps:\/\/youtu.be\/U_mbl9PJvKE\n<\/div><\/figure>\n\n\n\n<hr class=\"wp-block-separator\"\/>\n\n\n\n<h2 class=\"has-text-align-center wp-block-heading\">LAVAGGIO MOQUETTE<\/h2>\n\n\n\n<figure class=\"wp-block-image size-large\"><img decoding=\"async\" src=\"https:\/\/pulizieuffici.biz\/img\/moquetteFi4.jpg\" alt=\"\"\/><figcaption>La&nbsp;moquette o pavimento tessile&nbsp;da quel tocco in pi\u00f9, quell&#8217;eleganza all&#8217;ambiente. Purtroppo non \u00e8 cosa rara che si sporchi. Il lavaggio \u00e8 una cosa molto importante, per eliminare la sporcizia e per&nbsp;asportare&nbsp;acari e polvere.<\/figcaption><\/figure>\n\n\n\n<h2 class=\"has-text-align-center wp-block-heading\"><strong>Lavare la moquette<\/strong><\/h2>\n\n\n\n<p>Per lavare la moquette si possono utilizzare elettrodomestici appositi chiamati appunto \u201cLavamoquette\u201d, di cui esistono principalmente due tipologie:&nbsp;<\/p>\n\n\n\n<ul class=\"wp-block-list\"><li>la lavamoquette a iniezione-estrazione: pulisce in profondit\u00e0 con acqua e shampoo apposito e deve essere passata pi\u00f9 volte sulla moquette; attenzione perch\u00e9 non devono rimanere residui di shampoo nelle fibre della moquette e quest\u2019ultima non deve nemmeno rimanere inumidita troppo a lungo;<\/li><li>la lavamoquette a vapore, indicata soprattutto per moquette a pelo riccio o lungo, poich\u00e9 scioglie i nodi delle fibre.<\/li><\/ul>\n\n\n\n<figure class=\"wp-block-embed is-type-video is-provider-youtube wp-block-embed-youtube wp-embed-aspect-16-9 wp-has-aspect-ratio\"><div class=\"wp-block-embed__wrapper\">\nhttps:\/\/youtu.be\/GyCYW2fOJPU\n<\/div><\/figure>\n\n\n\n<p>Per lavare la moquette frequentemente e senza l\u2019aiuto della lavamoquette, occorre:<\/p>\n\n\n\n<ul class=\"wp-block-list\"><li>una spazzola delicata o panni bianchi puliti<\/li><li>prodotti specifici oppure un detergente realizzato con acqua e qualche goccia di detersivo per i piatti, da utilizzare su segni che non vogliono andar via<\/li><li>detersivo solido apposito o bicarbonato di sodio da far penetrare in profondit\u00e0 (lasciandolo agire anche una notte intera) e da aspirare successivamente con l\u2019elettrodomestico pi\u00f9 appropriato.<\/li><\/ul>\n\n\n\n<p><em>Periodicamente comunque occorre un lavaggio approfondito con l\u2019utilizzo di uno shampoo apposito, per cui talvolta \u00e8 necessario l\u2019intervento di una ditta specializzata.<\/em><\/p>\n\n\n\n<hr class=\"wp-block-separator\"\/>\n\n\n\n<h2 class=\"has-text-align-center wp-block-heading\">LUCIDATURA MARMO\/ PIETRE CALCAREA<\/h2>\n\n\n\n<p class=\"has-text-align-center\">Il Trattamento di pavimenti in pietra calcarea (Marmi\/Marmetti\/Marmettoni)<\/p>\n\n\n\n<p>I pavimenti in pietra naturale sono anche detti pavimenti rigenerabili, nello specifico esistono diverse tecniche di rigenerazione dei pavimenti in Marmo. La&nbsp;Levigatura, La cristallizzazione o Piombatura, la Ceratura. Noi ci occupiamo dei Cristallizzazione.<\/p>\n\n\n\n<p>La \u201ccristallizzazione chimica&nbsp;di pavimenti in pietra calcarea\u201d scambiato per Piombatura (pratica illegale nei paesi europei) \u00e8 un trattamento per lucidare rivestimenti o pavimentazioni&nbsp;in marmo.<\/p>\n\n\n\n<p>Questa procedura permette di realizzare un risultato soddisfacente nonostante non sia un trattamento invasivo come la Levigatura.<\/p>\n\n\n\n<p>La procedura consiste in:<\/p>\n\n\n\n<ul class=\"wp-block-list\"><li>Un lavaggio a fondo con detergenti idonei a riportare il marmo&nbsp;opaco e pulito;<\/li><li>La stuccatura di crepe e buchi&nbsp;con resina per marmo con pigmenti colorati simili al materiale esistente;<\/li><li>La carteggiatura manuale del materiale in eccesso della stuccatura;<\/li><li>Un passaggio con macchina a bassa velocit\u00e0 e disco con piastre diamantate per eliminare i residui e appianare&nbsp;i segni;<\/li><li>Due passaggi con macchina ad alta velocit\u00e0 e&nbsp;dischi specifici per ravvivare l&#8217;originale lucentezza della pietra;<\/li><li>Un passaggio con macchina ad alta velocit\u00e0 e&nbsp;disco non abrasivo&nbsp;finale per eliminare le ultime imperfezioni.<\/li><\/ul>\n\n\n\n<p>I&nbsp;costi sono decisamente pi\u00f9 contenuti rispetto&nbsp;ad una levigatura ma il risultato non sar\u00e0 meno spettacolare.<\/p>\n\n\n\n<hr class=\"wp-block-separator\"\/>\n\n\n\n<h2 class=\"has-text-align-center wp-block-heading\">RIMOZIONE GRAFFITI<\/h2>\n\n\n\n<div class=\"wp-block-columns is-layout-flex wp-container-core-columns-is-layout-9d6595d7 wp-block-columns-is-layout-flex\">\n<div class=\"wp-block-column is-layout-flow wp-block-column-is-layout-flow\">\n<figure class=\"wp-block-image size-large\"><img decoding=\"async\" src=\"https:\/\/pulizieuffici.biz\/img\/Muro%20trattato%20e%20graffitato.jpg\" alt=\"\"\/><\/figure>\n\n\n\n<p> La rimozione dei graffiti \u00e8 facilitata dopo un trattamento di protezione perch\u00e9 grazie alla pellicola creata dal prodotto la vernice dei writers non penetra tra i pori evitando di ricorrere a abrasivi che purtroppo possono rovinare oltre che consumare la superficie stessa. Noi utilizziamo due tipi di protezione, una cos\u00ec detta sacrificale perch\u00e9 si elimina tutte le volte che il muro risulta imbrattato, l&#8217;altra permanente, sfruttando le moderne tecnologie, ci avvaliamo di una vernice nanotecnologia bicomponente che lascia inalterata la superficie trattata ma che la rende inattaccabile da qualsiasi tipo di vernice o agente chimico esterno. Contattaci per un preventivo gratuito. <\/p>\n<\/div>\n\n\n\n<div class=\"wp-block-column is-layout-flow wp-block-column-is-layout-flow\">\n<p>  <p>Gli episodi di vandalismo quali scritte o fregi colorati che si\u00a0perpetuano su\u00a0 \u00a0edifici o su \u00a0monumenti storici, sono veri e propri atti criminali. Spesso vengono fatti da ragazzi annoiati che utilizzano vernici spray anche di bassa qualit\u00e0 con coloranti al piombo di dubbia provenienza. Questi, oltre ad avere un impatto sulla salute disastroso, pongono il problema della rimozione e della successiva\u00a0protezione dei supporti da eventuali ulteriori interventi dei cos\u00ec detti writers. I prodotti che si trovano sul mercato per la protezione, offrono tanti vantaggi in termini di aumento di durata delle superfici trattate, protezione dai raggi ultravioletti, inibizione all&#8217;attacco da microorganismi e muffe di vario genere e naturalmente una protezione dalle antiestetiche scritte. <\/p>  <\/p>\n\n\n\n<figure class=\"wp-block-image size-large\"><img decoding=\"async\" src=\"https:\/\/pulizieuffici.biz\/img\/Muro%20trattato%20appena%20pulito.jpg\" alt=\"\"\/><\/figure>\n<\/div>\n<\/div>\n<\/div><\/div>\n","protected":false},"excerpt":{"rendered":"<p>LAVAGGIO VETRI Lavaggio vetri in quota, grazie alle nuove tecnologie, siamo in grado di effettuare il lavaggio di superfici vetrate fino a 15mt rimanendo in&nbsp;sicurezza&nbsp;con i piedi per terra risparmiando i costi di noleggio piattaforma aerea, occupazione suolo pubblico oltre che sui tempi di lavaggio. Tutti questi vantaggi vengono messi a disposizione del cliente per [&hellip;]<\/p>\n","protected":false},"author":1,"featured_media":0,"parent":0,"menu_order":0,"comment_status":"closed","ping_status":"closed","template":"","meta":{"footnotes":""},"class_list":["post-29","page","type-page","status-publish","hentry"],"yoast_head":"<!-- This site is optimized with the Yoast SEO plugin v17.9 - https:\/\/yoast.com\/wordpress\/plugins\/seo\/ -->\n<title>SPECIALIZZATI IN &#8902; Pegaso S.R.L<\/title>\n<meta name=\"robots\" content=\"index, follow, max-snippet:-1, max-image-preview:large, max-video-preview:-1\" \/>\n<link rel=\"canonical\" href=\"https:\/\/pulizieuffici.biz\/index.php\/specializzati-in\/\" \/>\n<meta property=\"og:locale\" content=\"it_IT\" \/>\n<meta property=\"og:type\" content=\"article\" \/>\n<meta property=\"og:title\" content=\"SPECIALIZZATI IN &#8902; Pegaso S.R.L\" \/>\n<meta property=\"og:description\" content=\"LAVAGGIO VETRI Lavaggio vetri in quota, grazie alle nuove tecnologie, siamo in grado di effettuare il lavaggio di superfici vetrate fino a 15mt rimanendo in&nbsp;sicurezza&nbsp;con i piedi per terra risparmiando i costi di noleggio piattaforma aerea, occupazione suolo pubblico oltre che sui tempi di lavaggio. Tutti questi vantaggi vengono messi a disposizione del cliente per [&hellip;]\" \/>\n<meta property=\"og:url\" content=\"https:\/\/pulizieuffici.biz\/index.php\/specializzati-in\/\" \/>\n<meta property=\"og:site_name\" content=\"Pegaso S.R.L\" \/>\n<meta property=\"article:publisher\" content=\"https:\/\/www.facebook.com\/pegason.it\" \/>\n<meta property=\"article:modified_time\" content=\"2021-07-27T08:51:46+00:00\" \/>\n<meta property=\"og:image\" content=\"https:\/\/pulizieuffici.biz\/img\/moquetteFi4.jpg\" \/>\n<meta name=\"twitter:card\" content=\"summary_large_image\" \/>\n<meta name=\"twitter:label1\" content=\"Tempo di lettura stimato\" \/>\n\t<meta name=\"twitter:data1\" content=\"4 minuti\" \/>\n<script type=\"application\/ld+json\" class=\"yoast-schema-graph\">{\"@context\":\"https:\/\/schema.org\",\"@graph\":[{\"@type\":\"Organization\",\"@id\":\"https:\/\/pulizieuffici.biz\/#organization\",\"name\":\"Pegaso srl\",\"url\":\"https:\/\/pulizieuffici.biz\/\",\"sameAs\":[\"https:\/\/www.facebook.com\/pegason.it\"],\"logo\":{\"@type\":\"ImageObject\",\"@id\":\"https:\/\/pulizieuffici.biz\/#logo\",\"inLanguage\":\"it-IT\",\"url\":\"https:\/\/pulizieuffici.biz\/wp-content\/uploads\/2021\/08\/logo3.png\",\"contentUrl\":\"https:\/\/pulizieuffici.biz\/wp-content\/uploads\/2021\/08\/logo3.png\",\"width\":200,\"height\":200,\"caption\":\"Pegaso srl\"},\"image\":{\"@id\":\"https:\/\/pulizieuffici.biz\/#logo\"}},{\"@type\":\"WebSite\",\"@id\":\"https:\/\/pulizieuffici.biz\/#website\",\"url\":\"https:\/\/pulizieuffici.biz\/\",\"name\":\"Pegaso S.R.L\",\"description\":\"Il mito del pulito!\",\"publisher\":{\"@id\":\"https:\/\/pulizieuffici.biz\/#organization\"},\"potentialAction\":[{\"@type\":\"SearchAction\",\"target\":{\"@type\":\"EntryPoint\",\"urlTemplate\":\"https:\/\/pulizieuffici.biz\/?s={search_term_string}\"},\"query-input\":\"required name=search_term_string\"}],\"inLanguage\":\"it-IT\"},{\"@type\":\"ImageObject\",\"@id\":\"https:\/\/pulizieuffici.biz\/index.php\/specializzati-in\/#primaryimage\",\"inLanguage\":\"it-IT\",\"url\":\"https:\/\/pulizieuffici.biz\/img\/moquetteFi4.jpg\",\"contentUrl\":\"https:\/\/pulizieuffici.biz\/img\/moquetteFi4.jpg\"},{\"@type\":\"WebPage\",\"@id\":\"https:\/\/pulizieuffici.biz\/index.php\/specializzati-in\/#webpage\",\"url\":\"https:\/\/pulizieuffici.biz\/index.php\/specializzati-in\/\",\"name\":\"SPECIALIZZATI IN &#8902; Pegaso S.R.L\",\"isPartOf\":{\"@id\":\"https:\/\/pulizieuffici.biz\/#website\"},\"primaryImageOfPage\":{\"@id\":\"https:\/\/pulizieuffici.biz\/index.php\/specializzati-in\/#primaryimage\"},\"datePublished\":\"2021-06-14T13:31:34+00:00\",\"dateModified\":\"2021-07-27T08:51:46+00:00\",\"breadcrumb\":{\"@id\":\"https:\/\/pulizieuffici.biz\/index.php\/specializzati-in\/#breadcrumb\"},\"inLanguage\":\"it-IT\",\"potentialAction\":[{\"@type\":\"ReadAction\",\"target\":[\"https:\/\/pulizieuffici.biz\/index.php\/specializzati-in\/\"]}]},{\"@type\":\"BreadcrumbList\",\"@id\":\"https:\/\/pulizieuffici.biz\/index.php\/specializzati-in\/#breadcrumb\",\"itemListElement\":[{\"@type\":\"ListItem\",\"position\":1,\"name\":\"Home\",\"item\":\"https:\/\/pulizieuffici.biz\/\"},{\"@type\":\"ListItem\",\"position\":2,\"name\":\"SPECIALIZZATI IN\"}]}]}<\/script>\n<!-- \/ Yoast SEO plugin. -->","yoast_head_json":{"title":"SPECIALIZZATI IN &#8902; Pegaso S.R.L","robots":{"index":"index","follow":"follow","max-snippet":"max-snippet:-1","max-image-preview":"max-image-preview:large","max-video-preview":"max-video-preview:-1"},"canonical":"https:\/\/pulizieuffici.biz\/index.php\/specializzati-in\/","og_locale":"it_IT","og_type":"article","og_title":"SPECIALIZZATI IN &#8902; Pegaso S.R.L","og_description":"LAVAGGIO VETRI Lavaggio vetri in quota, grazie alle nuove tecnologie, siamo in grado di effettuare il lavaggio di superfici vetrate fino a 15mt rimanendo in&nbsp;sicurezza&nbsp;con i piedi per terra risparmiando i costi di noleggio piattaforma aerea, occupazione suolo pubblico oltre che sui tempi di lavaggio. Tutti questi vantaggi vengono messi a disposizione del cliente per [&hellip;]","og_url":"https:\/\/pulizieuffici.biz\/index.php\/specializzati-in\/","og_site_name":"Pegaso S.R.L","article_publisher":"https:\/\/www.facebook.com\/pegason.it","article_modified_time":"2021-07-27T08:51:46+00:00","og_image":[{"url":"https:\/\/pulizieuffici.biz\/img\/moquetteFi4.jpg"}],"twitter_card":"summary_large_image","twitter_misc":{"Tempo di lettura stimato":"4 minuti"},"schema":{"@context":"https:\/\/schema.org","@graph":[{"@type":"Organization","@id":"https:\/\/pulizieuffici.biz\/#organization","name":"Pegaso srl","url":"https:\/\/pulizieuffici.biz\/","sameAs":["https:\/\/www.facebook.com\/pegason.it"],"logo":{"@type":"ImageObject","@id":"https:\/\/pulizieuffici.biz\/#logo","inLanguage":"it-IT","url":"https:\/\/pulizieuffici.biz\/wp-content\/uploads\/2021\/08\/logo3.png","contentUrl":"https:\/\/pulizieuffici.biz\/wp-content\/uploads\/2021\/08\/logo3.png","width":200,"height":200,"caption":"Pegaso srl"},"image":{"@id":"https:\/\/pulizieuffici.biz\/#logo"}},{"@type":"WebSite","@id":"https:\/\/pulizieuffici.biz\/#website","url":"https:\/\/pulizieuffici.biz\/","name":"Pegaso S.R.L","description":"Il mito del pulito!","publisher":{"@id":"https:\/\/pulizieuffici.biz\/#organization"},"potentialAction":[{"@type":"SearchAction","target":{"@type":"EntryPoint","urlTemplate":"https:\/\/pulizieuffici.biz\/?s={search_term_string}"},"query-input":"required name=search_term_string"}],"inLanguage":"it-IT"},{"@type":"ImageObject","@id":"https:\/\/pulizieuffici.biz\/index.php\/specializzati-in\/#primaryimage","inLanguage":"it-IT","url":"https:\/\/pulizieuffici.biz\/img\/moquetteFi4.jpg","contentUrl":"https:\/\/pulizieuffici.biz\/img\/moquetteFi4.jpg"},{"@type":"WebPage","@id":"https:\/\/pulizieuffici.biz\/index.php\/specializzati-in\/#webpage","url":"https:\/\/pulizieuffici.biz\/index.php\/specializzati-in\/","name":"SPECIALIZZATI IN &#8902; Pegaso S.R.L","isPartOf":{"@id":"https:\/\/pulizieuffici.biz\/#website"},"primaryImageOfPage":{"@id":"https:\/\/pulizieuffici.biz\/index.php\/specializzati-in\/#primaryimage"},"datePublished":"2021-06-14T13:31:34+00:00","dateModified":"2021-07-27T08:51:46+00:00","breadcrumb":{"@id":"https:\/\/pulizieuffici.biz\/index.php\/specializzati-in\/#breadcrumb"},"inLanguage":"it-IT","potentialAction":[{"@type":"ReadAction","target":["https:\/\/pulizieuffici.biz\/index.php\/specializzati-in\/"]}]},{"@type":"BreadcrumbList","@id":"https:\/\/pulizieuffici.biz\/index.php\/specializzati-in\/#breadcrumb","itemListElement":[{"@type":"ListItem","position":1,"name":"Home","item":"https:\/\/pulizieuffici.biz\/"},{"@type":"ListItem","position":2,"name":"SPECIALIZZATI IN"}]}]}},"_links":{"self":[{"href":"https:\/\/pulizieuffici.biz\/index.php\/wp-json\/wp\/v2\/pages\/29","targetHints":{"allow":["GET"]}}],"collection":[{"href":"https:\/\/pulizieuffici.biz\/index.php\/wp-json\/wp\/v2\/pages"}],"about":[{"href":"https:\/\/pulizieuffici.biz\/index.php\/wp-json\/wp\/v2\/types\/page"}],"author":[{"embeddable":true,"href":"https:\/\/pulizieuffici.biz\/index.php\/wp-json\/wp\/v2\/users\/1"}],"replies":[{"embeddable":true,"href":"https:\/\/pulizieuffici.biz\/index.php\/wp-json\/wp\/v2\/comments?post=29"}],"version-history":[{"count":9,"href":"https:\/\/pulizieuffici.biz\/index.php\/wp-json\/wp\/v2\/pages\/29\/revisions"}],"predecessor-version":[{"id":597,"href":"https:\/\/pulizieuffici.biz\/index.php\/wp-json\/wp\/v2\/pages\/29\/revisions\/597"}],"wp:attachment":[{"href":"https:\/\/pulizieuffici.biz\/index.php\/wp-json\/wp\/v2\/media?parent=29"}],"curies":[{"name":"wp","href":"https:\/\/api.w.org\/{rel}","templated":true}]}}