{"id":36,"date":"2021-06-14T15:39:21","date_gmt":"2021-06-14T13:39:21","guid":{"rendered":"http:\/\/192.168.166.254\/ns\/?page_id=36"},"modified":"2021-09-09T18:50:21","modified_gmt":"2021-09-09T16:50:21","slug":"forniture","status":"publish","type":"page","link":"https:\/\/pulizieuffici.biz\/index.php\/forniture\/","title":{"rendered":"FORNITURE"},"content":{"rendered":"\n<div class=\"wp-block-group mycontainer ombra\"><div class=\"wp-block-group__inner-container is-layout-flow wp-block-group-is-layout-flow\">\n<h2 class=\"wp-block-heading\">LAMPADE CATTURA INSETTI<\/h2>\n\n\n\n<h2 class=\"wp-block-heading\">Ogni&nbsp;problema con gli insetti \u00e8 risolto in modo elegante e sobrio con le nuove lampade a collante.<\/h2>\n\n\n\n<div class=\"wp-block-image\"><figure class=\"alignleft size-large is-resized\"><img loading=\"lazy\" decoding=\"async\" src=\"https:\/\/pulizieuffici.biz\/img\/insetocutor2.png\" alt=\"\" width=\"113\" height=\"113\"\/><\/figure><\/div>\n\n\n\n<p>Trappole attrattive ad alimentazione elettrica utilizzano la luce UV&nbsp;per attrarre gli insetti volanti all\u2019interno del dispositivo, in secondo luogo utilizzano una piastra collante per catturare l\u2019insetto che viene poi trattenuto, nel totale rispetto delle norme igieniche, dalla piastra collante stessa.<\/p>\n\n\n\n<p>Le trappole a luce UV a piastra collante sono particolarmente adatte in ambienti critici quali quelli dove vi \u00e8 lavorazione\/confezionamento di prodotti alimentari. Vuoi sapere qual&#8217;\u00e8 la migliore soluzione alle tue necessit\u00e0,&nbsp;<a href=\"https:\/\/pulizieuffici.biz\/index.php\/preventivo\/modulopreventivo\">clicca qu\u00ec<\/a>&nbsp;<\/p>\n\n\n\n<div class=\"wp-block-image\"><figure class=\"aligncenter size-large is-resized\"><img loading=\"lazy\" decoding=\"async\" src=\"https:\/\/pulizieuffici.biz\/img\/insectocutor1.png\" alt=\"\" width=\"225\" height=\"225\"\/><\/figure><\/div>\n\n\n\n<h2 class=\"wp-block-heading\">ASCIUGAMANO A TAGLIO D&#8217;ARIA<\/h2>\n\n\n\n<p>La particolaratit\u00e0 di questo Asciugamani ad aria \u00e8 la velocit\u00e0 di rotazione del motore (29.000 giri\/min), il consumo massimo \u00e8 di 1.000Watt\/h contro 1.600\/2.000 dei competitori, ha una scocca interamente in acciaio, resistente agli acidi, ai colpi e ai graffitari.<\/p>\n\n\n\n<p>Tutta questa tecnologia permette un&#8217;asciugatura rapidissima (15 sec. massimo) e confortevole con un consumo elettrico quasi irrisorio.<\/p>\n\n\n\n<p>Ecco il&nbsp;raffronto&nbsp;analizzando le prestazioni del nuovo asciugatore ad aria<\/p>\n\n\n\n<figure class=\"wp-block-image size-large\"><img decoding=\"async\" src=\"https:\/\/pulizieuffici.biz\/img\/Asciugamaniaria.png\" alt=\"\"\/><\/figure>\n\n\n\n<h2 class=\"wp-block-heading\">DISINFEZIONE DELLE MANI<\/h2>\n\n\n\n<div class=\"wp-block-image\"><figure class=\"alignright size-large is-resized\"><img loading=\"lazy\" decoding=\"async\" src=\"https:\/\/pulizieuffici.biz\/img\/piantana.png\" alt=\"\" width=\"353\" height=\"471\"\/><figcaption>PIANTANA DISINFETTANTE GEL MANI AUTOMATICA<\/figcaption><\/figure><\/div>\n\n\n\n<p>Come certamente avrai appreso dai notiziari in televisione e sul web, l\u2019allerta del virus in Cina sta preoccupando tutto il continente, anche se per il momento si parla&nbsp;solo di \u00abemergenza locale\u00bb.<br>Nel nostro Paese il rischio segnalato \u00e8 di entit\u00e0 moderata, ma l\u2019allerta \u00e8 alta, in&nbsp;considerazione anche del picco dell\u2019influenza, che solitamente ricorre in questa&nbsp;stagione dell\u2019anno.<br><strong>Senza creare allarmismi<\/strong>, \u00e8 corretto assicurare a tutti un adeguato livello di&nbsp;attenzione; \u00e8 bene in questi casi acquisire consapevolezza sulle corrette norme&nbsp;igieniche fortemente raccomandate dalla Direzione Generale della Prevenzione&nbsp;Sanitaria del Ministero della Salute.<\/p>\n\n\n\n<p>Quest\u2019ultima segnala che i&nbsp;<strong>coronavirus<\/strong>&nbsp;appartengono \u00aballa famiglia di virus noti per&nbsp;causare malattie che vanno dal comune raffreddore a quelle pi\u00f9 gravi, come la&nbsp;sindrome respiratoria mediorientale (MERS) e la sindrome respiratoria acuta grave (SARS)&nbsp;\u00bb.<br>Nelle FAQ, inoltre, afferma che il&nbsp;contagio pu\u00f2 essere trasmesso da persona a&nbsp;persona, di solito dopo un contatto stretto con un paziente infetto o in ambiente&nbsp;sanitario. Sono, infatti, gli operatori sanitari a correre il rischio maggiore perch\u00e9 in&nbsp;<\/p>\n\n\n\n<p>costante relazione con i pazienti malati.&nbsp;<\/p>\n\n\n\n<p>La prima delle raccomandazioni segnalata al fine di \u00abridurre l&#8217;esposizione e la&nbsp;trasmissione delle malattie respiratorie \u00e8 il mantenimento dell&#8217;igiene delle mani&nbsp;lavandole spesso con acqua e sapone o con soluzioni alcoliche \u00bb.&nbsp;<br>In secondo luogo, l\u2019attenzione a \u00abstarnutire o tossire in un fazzoletto o con il gomito&nbsp;flesso, utilizzare una mascherina e gettare i fazzoletti utilizzati in un cestino chiuso&nbsp;(lavando le mani, immediatamente dopo l&#8217;uso)\u00bb<br>Per maggiori informazioni, consultare il sito<br><a href=\"http:\/\/www.salute.gov.it\/portale\/malattieInfettive\/dettaglioFaqMalattieInfettive.jsp?lingua%20italiano&amp;id%20=228\">Portale del Governo sulle malattie infettive<\/a><\/p>\n\n\n\n<figure class=\"wp-block-image size-large\"><img decoding=\"async\" src=\"https:\/\/pulizieuffici.biz\/img\/primaGel.png\" alt=\"\"\/><\/figure>\n<\/div><\/div>\n","protected":false},"excerpt":{"rendered":"<p>LAMPADE CATTURA INSETTI Ogni&nbsp;problema con gli insetti \u00e8 risolto in modo elegante e sobrio con le nuove lampade a collante. Trappole attrattive ad alimentazione elettrica utilizzano la luce UV&nbsp;per attrarre gli insetti volanti all\u2019interno del dispositivo, in secondo luogo utilizzano una piastra collante per catturare l\u2019insetto che viene poi trattenuto, nel totale rispetto delle norme [&hellip;]<\/p>\n","protected":false},"author":1,"featured_media":0,"parent":0,"menu_order":0,"comment_status":"closed","ping_status":"closed","template":"","meta":{"footnotes":""},"class_list":["post-36","page","type-page","status-publish","hentry"],"yoast_head":"<!-- This site is optimized with the Yoast SEO plugin v17.9 - https:\/\/yoast.com\/wordpress\/plugins\/seo\/ -->\n<title>FORNITURE &#8902; Pegaso S.R.L<\/title>\n<meta name=\"robots\" content=\"index, follow, max-snippet:-1, max-image-preview:large, max-video-preview:-1\" \/>\n<link rel=\"canonical\" href=\"https:\/\/pulizieuffici.biz\/index.php\/forniture\/\" \/>\n<meta property=\"og:locale\" content=\"it_IT\" \/>\n<meta property=\"og:type\" content=\"article\" \/>\n<meta property=\"og:title\" content=\"FORNITURE &#8902; Pegaso S.R.L\" \/>\n<meta property=\"og:description\" content=\"LAMPADE CATTURA INSETTI Ogni&nbsp;problema con gli insetti \u00e8 risolto in modo elegante e sobrio con le nuove lampade a collante. Trappole attrattive ad alimentazione elettrica utilizzano la luce UV&nbsp;per attrarre gli insetti volanti all\u2019interno del dispositivo, in secondo luogo utilizzano una piastra collante per catturare l\u2019insetto che viene poi trattenuto, nel totale rispetto delle norme [&hellip;]\" \/>\n<meta property=\"og:url\" content=\"https:\/\/pulizieuffici.biz\/index.php\/forniture\/\" \/>\n<meta property=\"og:site_name\" content=\"Pegaso S.R.L\" \/>\n<meta property=\"article:publisher\" content=\"https:\/\/www.facebook.com\/pegason.it\" \/>\n<meta property=\"article:modified_time\" content=\"2021-09-09T16:50:21+00:00\" \/>\n<meta property=\"og:image\" content=\"https:\/\/pulizieuffici.biz\/img\/insetocutor2.png\" \/>\n<meta name=\"twitter:card\" content=\"summary_large_image\" \/>\n<meta name=\"twitter:label1\" content=\"Tempo di lettura stimato\" \/>\n\t<meta name=\"twitter:data1\" content=\"3 minuti\" \/>\n<script type=\"application\/ld+json\" class=\"yoast-schema-graph\">{\"@context\":\"https:\/\/schema.org\",\"@graph\":[{\"@type\":\"Organization\",\"@id\":\"https:\/\/pulizieuffici.biz\/#organization\",\"name\":\"Pegaso srl\",\"url\":\"https:\/\/pulizieuffici.biz\/\",\"sameAs\":[\"https:\/\/www.facebook.com\/pegason.it\"],\"logo\":{\"@type\":\"ImageObject\",\"@id\":\"https:\/\/pulizieuffici.biz\/#logo\",\"inLanguage\":\"it-IT\",\"url\":\"https:\/\/pulizieuffici.biz\/wp-content\/uploads\/2021\/08\/logo3.png\",\"contentUrl\":\"https:\/\/pulizieuffici.biz\/wp-content\/uploads\/2021\/08\/logo3.png\",\"width\":200,\"height\":200,\"caption\":\"Pegaso srl\"},\"image\":{\"@id\":\"https:\/\/pulizieuffici.biz\/#logo\"}},{\"@type\":\"WebSite\",\"@id\":\"https:\/\/pulizieuffici.biz\/#website\",\"url\":\"https:\/\/pulizieuffici.biz\/\",\"name\":\"Pegaso S.R.L\",\"description\":\"Il mito del pulito!\",\"publisher\":{\"@id\":\"https:\/\/pulizieuffici.biz\/#organization\"},\"potentialAction\":[{\"@type\":\"SearchAction\",\"target\":{\"@type\":\"EntryPoint\",\"urlTemplate\":\"https:\/\/pulizieuffici.biz\/?s={search_term_string}\"},\"query-input\":\"required name=search_term_string\"}],\"inLanguage\":\"it-IT\"},{\"@type\":\"ImageObject\",\"@id\":\"https:\/\/pulizieuffici.biz\/index.php\/forniture\/#primaryimage\",\"inLanguage\":\"it-IT\",\"url\":\"https:\/\/pulizieuffici.biz\/img\/insetocutor2.png\",\"contentUrl\":\"https:\/\/pulizieuffici.biz\/img\/insetocutor2.png\"},{\"@type\":\"WebPage\",\"@id\":\"https:\/\/pulizieuffici.biz\/index.php\/forniture\/#webpage\",\"url\":\"https:\/\/pulizieuffici.biz\/index.php\/forniture\/\",\"name\":\"FORNITURE &#8902; Pegaso S.R.L\",\"isPartOf\":{\"@id\":\"https:\/\/pulizieuffici.biz\/#website\"},\"primaryImageOfPage\":{\"@id\":\"https:\/\/pulizieuffici.biz\/index.php\/forniture\/#primaryimage\"},\"datePublished\":\"2021-06-14T13:39:21+00:00\",\"dateModified\":\"2021-09-09T16:50:21+00:00\",\"breadcrumb\":{\"@id\":\"https:\/\/pulizieuffici.biz\/index.php\/forniture\/#breadcrumb\"},\"inLanguage\":\"it-IT\",\"potentialAction\":[{\"@type\":\"ReadAction\",\"target\":[\"https:\/\/pulizieuffici.biz\/index.php\/forniture\/\"]}]},{\"@type\":\"BreadcrumbList\",\"@id\":\"https:\/\/pulizieuffici.biz\/index.php\/forniture\/#breadcrumb\",\"itemListElement\":[{\"@type\":\"ListItem\",\"position\":1,\"name\":\"Home\",\"item\":\"https:\/\/pulizieuffici.biz\/\"},{\"@type\":\"ListItem\",\"position\":2,\"name\":\"FORNITURE\"}]}]}<\/script>\n<!-- \/ Yoast SEO plugin. -->","yoast_head_json":{"title":"FORNITURE &#8902; Pegaso S.R.L","robots":{"index":"index","follow":"follow","max-snippet":"max-snippet:-1","max-image-preview":"max-image-preview:large","max-video-preview":"max-video-preview:-1"},"canonical":"https:\/\/pulizieuffici.biz\/index.php\/forniture\/","og_locale":"it_IT","og_type":"article","og_title":"FORNITURE &#8902; Pegaso S.R.L","og_description":"LAMPADE CATTURA INSETTI Ogni&nbsp;problema con gli insetti \u00e8 risolto in modo elegante e sobrio con le nuove lampade a collante. Trappole attrattive ad alimentazione elettrica utilizzano la luce UV&nbsp;per attrarre gli insetti volanti all\u2019interno del dispositivo, in secondo luogo utilizzano una piastra collante per catturare l\u2019insetto che viene poi trattenuto, nel totale rispetto delle norme [&hellip;]","og_url":"https:\/\/pulizieuffici.biz\/index.php\/forniture\/","og_site_name":"Pegaso S.R.L","article_publisher":"https:\/\/www.facebook.com\/pegason.it","article_modified_time":"2021-09-09T16:50:21+00:00","og_image":[{"url":"https:\/\/pulizieuffici.biz\/img\/insetocutor2.png"}],"twitter_card":"summary_large_image","twitter_misc":{"Tempo di lettura stimato":"3 minuti"},"schema":{"@context":"https:\/\/schema.org","@graph":[{"@type":"Organization","@id":"https:\/\/pulizieuffici.biz\/#organization","name":"Pegaso srl","url":"https:\/\/pulizieuffici.biz\/","sameAs":["https:\/\/www.facebook.com\/pegason.it"],"logo":{"@type":"ImageObject","@id":"https:\/\/pulizieuffici.biz\/#logo","inLanguage":"it-IT","url":"https:\/\/pulizieuffici.biz\/wp-content\/uploads\/2021\/08\/logo3.png","contentUrl":"https:\/\/pulizieuffici.biz\/wp-content\/uploads\/2021\/08\/logo3.png","width":200,"height":200,"caption":"Pegaso srl"},"image":{"@id":"https:\/\/pulizieuffici.biz\/#logo"}},{"@type":"WebSite","@id":"https:\/\/pulizieuffici.biz\/#website","url":"https:\/\/pulizieuffici.biz\/","name":"Pegaso S.R.L","description":"Il mito del pulito!","publisher":{"@id":"https:\/\/pulizieuffici.biz\/#organization"},"potentialAction":[{"@type":"SearchAction","target":{"@type":"EntryPoint","urlTemplate":"https:\/\/pulizieuffici.biz\/?s={search_term_string}"},"query-input":"required name=search_term_string"}],"inLanguage":"it-IT"},{"@type":"ImageObject","@id":"https:\/\/pulizieuffici.biz\/index.php\/forniture\/#primaryimage","inLanguage":"it-IT","url":"https:\/\/pulizieuffici.biz\/img\/insetocutor2.png","contentUrl":"https:\/\/pulizieuffici.biz\/img\/insetocutor2.png"},{"@type":"WebPage","@id":"https:\/\/pulizieuffici.biz\/index.php\/forniture\/#webpage","url":"https:\/\/pulizieuffici.biz\/index.php\/forniture\/","name":"FORNITURE &#8902; Pegaso S.R.L","isPartOf":{"@id":"https:\/\/pulizieuffici.biz\/#website"},"primaryImageOfPage":{"@id":"https:\/\/pulizieuffici.biz\/index.php\/forniture\/#primaryimage"},"datePublished":"2021-06-14T13:39:21+00:00","dateModified":"2021-09-09T16:50:21+00:00","breadcrumb":{"@id":"https:\/\/pulizieuffici.biz\/index.php\/forniture\/#breadcrumb"},"inLanguage":"it-IT","potentialAction":[{"@type":"ReadAction","target":["https:\/\/pulizieuffici.biz\/index.php\/forniture\/"]}]},{"@type":"BreadcrumbList","@id":"https:\/\/pulizieuffici.biz\/index.php\/forniture\/#breadcrumb","itemListElement":[{"@type":"ListItem","position":1,"name":"Home","item":"https:\/\/pulizieuffici.biz\/"},{"@type":"ListItem","position":2,"name":"FORNITURE"}]}]}},"_links":{"self":[{"href":"https:\/\/pulizieuffici.biz\/index.php\/wp-json\/wp\/v2\/pages\/36","targetHints":{"allow":["GET"]}}],"collection":[{"href":"https:\/\/pulizieuffici.biz\/index.php\/wp-json\/wp\/v2\/pages"}],"about":[{"href":"https:\/\/pulizieuffici.biz\/index.php\/wp-json\/wp\/v2\/types\/page"}],"author":[{"embeddable":true,"href":"https:\/\/pulizieuffici.biz\/index.php\/wp-json\/wp\/v2\/users\/1"}],"replies":[{"embeddable":true,"href":"https:\/\/pulizieuffici.biz\/index.php\/wp-json\/wp\/v2\/comments?post=36"}],"version-history":[{"count":6,"href":"https:\/\/pulizieuffici.biz\/index.php\/wp-json\/wp\/v2\/pages\/36\/revisions"}],"predecessor-version":[{"id":528,"href":"https:\/\/pulizieuffici.biz\/index.php\/wp-json\/wp\/v2\/pages\/36\/revisions\/528"}],"wp:attachment":[{"href":"https:\/\/pulizieuffici.biz\/index.php\/wp-json\/wp\/v2\/media?parent=36"}],"curies":[{"name":"wp","href":"https:\/\/api.w.org\/{rel}","templated":true}]}}