{"id":69,"date":"2021-06-15T09:15:10","date_gmt":"2021-06-15T07:15:10","guid":{"rendered":"http:\/\/192.168.166.254\/ns\/?page_id=69"},"modified":"2021-08-05T16:11:39","modified_gmt":"2021-08-05T14:11:39","slug":"lavaggio-tessuti","status":"publish","type":"page","link":"https:\/\/pulizieuffici.biz\/index.php\/lavaggio-tessuti\/","title":{"rendered":"LAVAGGIO MOQUETTE"},"content":{"rendered":"\n<div class=\"wp-block-group mycontainer ombra\"><div class=\"wp-block-group__inner-container is-layout-flow wp-block-group-is-layout-flow\">\n<figure class=\"wp-block-image size-large is-style-rounded\"><img decoding=\"async\" src=\"https:\/\/pulizieuffici.biz\/img\/moquetteFi4.jpg\" alt=\"Lavaggio moquette albergo\"\/><figcaption>La&nbsp;moquette o pavimento tessile&nbsp;da quel tocco in pi\u00f9, quell&#8217;eleganza all&#8217;ambiente. Purtroppo non \u00e8 cosa rara che si sporchi. Il lavaggio \u00e8 una cosa molto importante, per eliminare la sporcizia e per&nbsp;asportare&nbsp;acari e polvere.<\/figcaption><\/figure>\n\n\n\n<h2 class=\"has-text-align-center wp-block-heading\"><strong>Lavaggio della moquette<\/strong><\/h2>\n\n\n\n<p>Esistono diversi sistemi per lavare i pavimenti<\/p>\n\n\n\n<p>Si possono utilizzare macchinari appositi chiamati appunto \u201cLavamoquette\u201d:\u00a0<\/p>\n\n\n\n<ul class=\"wp-block-list\"><li>Lavamoquette a iniezione-estrazione: pulisce in profondit\u00e0 con acqua e detergente per fibre sintetiche o naturali  deve essere passata pi\u00f9 volte sulla moquette; attenzione perch\u00e9 non devono rimanere residui di shampoo nelle fibre della moquette e quest\u2019ultima non deve nemmeno rimanere inumidita troppo a lungo;<\/li><li>Lavamoquette a vapore, indicata soprattutto per moquette a pelo riccio o lungo, poich\u00e9 scioglie i nodi delle fibre;<\/li><li>Lavamoquette a shampoo, \u00e8 un sistema professionale che grazie ad una spazzola rotante con fibre di nilon e detergente che saponifica lo sporco e lo cristallizza in superficie, riesce a smacchiare senza bagnare molto i tessuti<\/li><\/ul>\n\n\n\n<figure class=\"wp-block-embed is-type-video is-provider-youtube wp-block-embed-youtube wp-embed-aspect-16-9 wp-has-aspect-ratio\"><div class=\"wp-block-embed__wrapper\">\nhttps:\/\/youtu.be\/GyCYW2fOJPU\n<\/div><\/figure>\n\n\n\n<p>Per lavare la moquette frequentemente e senza l\u2019aiuto della lavamoquette, occorre:<\/p>\n\n\n\n<ul class=\"wp-block-list\"><li>una spazzola delicata o panni bianchi puliti<\/li><li>prodotti specifici oppure un detergente realizzato con acqua e qualche goccia di detersivo per i piatti, da utilizzare su segni che non vogliono andar via<\/li><li>detersivo solido apposito o bicarbonato di sodio da far penetrare in profondit\u00e0 (lasciandolo agire anche una notte intera) e da aspirare successivamente con l\u2019elettrodomestico pi\u00f9 appropriato.<\/li><\/ul>\n\n\n\n<p><em>Periodicamente comunque occorre un lavaggio approfondito con l\u2019utilizzo di uno shampoo apposito, per cui talvolta \u00e8 necessario l\u2019intervento di una ditta specializzata.<\/em><\/p>\n\n\n\n<figure class=\"wp-block-image size-large is-style-rounded\"><img loading=\"lazy\" decoding=\"async\" width=\"1024\" height=\"512\" src=\"https:\/\/pulizieuffici.biz\/wp-content\/uploads\/2021\/08\/AdobeStock_283122568-1024x512.jpg\" alt=\"Lavaggio divani\" class=\"wp-image-668\" srcset=\"https:\/\/pulizieuffici.biz\/wp-content\/uploads\/2021\/08\/AdobeStock_283122568-1024x512.jpg 1024w, https:\/\/pulizieuffici.biz\/wp-content\/uploads\/2021\/08\/AdobeStock_283122568-300x150.jpg 300w, https:\/\/pulizieuffici.biz\/wp-content\/uploads\/2021\/08\/AdobeStock_283122568-768x384.jpg 768w, https:\/\/pulizieuffici.biz\/wp-content\/uploads\/2021\/08\/AdobeStock_283122568.jpg 1200w\" sizes=\"auto, (max-width: 1024px) 100vw, 1024px\" \/><figcaption>Poltroncine da ufficio, Sedie, divani<\/figcaption><\/figure>\n<\/div><\/div>\n","protected":false},"excerpt":{"rendered":"<p>Lavaggio della moquette Esistono diversi sistemi per lavare i pavimenti Si possono utilizzare macchinari appositi chiamati appunto \u201cLavamoquette\u201d:\u00a0 Lavamoquette a iniezione-estrazione: pulisce in profondit\u00e0 con acqua e detergente per fibre sintetiche o naturali deve essere passata pi\u00f9 volte sulla moquette; attenzione perch\u00e9 non devono rimanere residui di shampoo nelle fibre della moquette e quest\u2019ultima non [&hellip;]<\/p>\n","protected":false},"author":1,"featured_media":665,"parent":0,"menu_order":0,"comment_status":"closed","ping_status":"closed","template":"","meta":{"footnotes":""},"class_list":["post-69","page","type-page","status-publish","has-post-thumbnail","hentry"],"yoast_head":"<!-- This site is optimized with the Yoast SEO plugin v17.9 - https:\/\/yoast.com\/wordpress\/plugins\/seo\/ -->\n<title>LAVAGGIO MOQUETTE &#8902; Pegaso S.R.L &#8902; Pulizie specializzate<\/title>\n<meta name=\"description\" content=\"Lavare il pavimento in tessuto o i divanetti dell&#039;ufficio o le poltroncine imbottite per avere ambienti sempre Sani e belli\" \/>\n<meta name=\"robots\" content=\"index, follow, max-snippet:-1, max-image-preview:large, max-video-preview:-1\" \/>\n<link rel=\"canonical\" href=\"https:\/\/pulizieuffici.biz\/index.php\/lavaggio-tessuti\/\" \/>\n<meta property=\"og:locale\" content=\"it_IT\" \/>\n<meta property=\"og:type\" content=\"article\" \/>\n<meta property=\"og:title\" content=\"LAVAGGIO MOQUETTE &#8902; Pegaso S.R.L &#8902; Pulizie specializzate\" \/>\n<meta property=\"og:description\" content=\"Lavare il pavimento in tessuto o i divanetti dell&#039;ufficio o le poltroncine imbottite per avere ambienti sempre Sani e belli\" \/>\n<meta property=\"og:url\" content=\"https:\/\/pulizieuffici.biz\/index.php\/lavaggio-tessuti\/\" \/>\n<meta property=\"og:site_name\" content=\"Pegaso S.R.L\" \/>\n<meta property=\"article:publisher\" content=\"https:\/\/www.facebook.com\/pegason.it\" \/>\n<meta property=\"article:modified_time\" content=\"2021-08-05T14:11:39+00:00\" \/>\n<meta property=\"og:image\" content=\"https:\/\/pulizieuffici.biz\/wp-content\/uploads\/2021\/08\/AdobeStock_199511179.jpg\" \/>\n\t<meta property=\"og:image:width\" content=\"1200\" \/>\n\t<meta property=\"og:image:height\" content=\"600\" \/>\n\t<meta property=\"og:image:type\" content=\"image\/jpeg\" \/>\n<meta name=\"twitter:card\" content=\"summary_large_image\" \/>\n<meta name=\"twitter:label1\" content=\"Tempo di lettura stimato\" \/>\n\t<meta name=\"twitter:data1\" content=\"2 minuti\" \/>\n<script type=\"application\/ld+json\" class=\"yoast-schema-graph\">{\"@context\":\"https:\/\/schema.org\",\"@graph\":[{\"@type\":\"Organization\",\"@id\":\"https:\/\/pulizieuffici.biz\/#organization\",\"name\":\"Pegaso srl\",\"url\":\"https:\/\/pulizieuffici.biz\/\",\"sameAs\":[\"https:\/\/www.facebook.com\/pegason.it\"],\"logo\":{\"@type\":\"ImageObject\",\"@id\":\"https:\/\/pulizieuffici.biz\/#logo\",\"inLanguage\":\"it-IT\",\"url\":\"https:\/\/pulizieuffici.biz\/wp-content\/uploads\/2021\/08\/logo3.png\",\"contentUrl\":\"https:\/\/pulizieuffici.biz\/wp-content\/uploads\/2021\/08\/logo3.png\",\"width\":200,\"height\":200,\"caption\":\"Pegaso srl\"},\"image\":{\"@id\":\"https:\/\/pulizieuffici.biz\/#logo\"}},{\"@type\":\"WebSite\",\"@id\":\"https:\/\/pulizieuffici.biz\/#website\",\"url\":\"https:\/\/pulizieuffici.biz\/\",\"name\":\"Pegaso S.R.L\",\"description\":\"Il mito del pulito!\",\"publisher\":{\"@id\":\"https:\/\/pulizieuffici.biz\/#organization\"},\"potentialAction\":[{\"@type\":\"SearchAction\",\"target\":{\"@type\":\"EntryPoint\",\"urlTemplate\":\"https:\/\/pulizieuffici.biz\/?s={search_term_string}\"},\"query-input\":\"required name=search_term_string\"}],\"inLanguage\":\"it-IT\"},{\"@type\":\"ImageObject\",\"@id\":\"https:\/\/pulizieuffici.biz\/index.php\/lavaggio-tessuti\/#primaryimage\",\"inLanguage\":\"it-IT\",\"url\":\"https:\/\/pulizieuffici.biz\/wp-content\/uploads\/2021\/08\/AdobeStock_199511179.jpg\",\"contentUrl\":\"https:\/\/pulizieuffici.biz\/wp-content\/uploads\/2021\/08\/AdobeStock_199511179.jpg\",\"width\":1200,\"height\":600,\"caption\":\"Iniezione ed estrazione di acqua e disinfettante\"},{\"@type\":\"WebPage\",\"@id\":\"https:\/\/pulizieuffici.biz\/index.php\/lavaggio-tessuti\/#webpage\",\"url\":\"https:\/\/pulizieuffici.biz\/index.php\/lavaggio-tessuti\/\",\"name\":\"LAVAGGIO MOQUETTE &#8902; Pegaso S.R.L &#8902; Pulizie specializzate\",\"isPartOf\":{\"@id\":\"https:\/\/pulizieuffici.biz\/#website\"},\"primaryImageOfPage\":{\"@id\":\"https:\/\/pulizieuffici.biz\/index.php\/lavaggio-tessuti\/#primaryimage\"},\"datePublished\":\"2021-06-15T07:15:10+00:00\",\"dateModified\":\"2021-08-05T14:11:39+00:00\",\"description\":\"Lavare il pavimento in tessuto o i divanetti dell'ufficio o le poltroncine imbottite per avere ambienti sempre Sani e belli\",\"breadcrumb\":{\"@id\":\"https:\/\/pulizieuffici.biz\/index.php\/lavaggio-tessuti\/#breadcrumb\"},\"inLanguage\":\"it-IT\",\"potentialAction\":[{\"@type\":\"ReadAction\",\"target\":[\"https:\/\/pulizieuffici.biz\/index.php\/lavaggio-tessuti\/\"]}]},{\"@type\":\"BreadcrumbList\",\"@id\":\"https:\/\/pulizieuffici.biz\/index.php\/lavaggio-tessuti\/#breadcrumb\",\"itemListElement\":[{\"@type\":\"ListItem\",\"position\":1,\"name\":\"Home\",\"item\":\"https:\/\/pulizieuffici.biz\/\"},{\"@type\":\"ListItem\",\"position\":2,\"name\":\"LAVAGGIO MOQUETTE\"}]}]}<\/script>\n<!-- \/ Yoast SEO plugin. -->","yoast_head_json":{"title":"LAVAGGIO MOQUETTE &#8902; Pegaso S.R.L &#8902; Pulizie specializzate","description":"Lavare il pavimento in tessuto o i divanetti dell'ufficio o le poltroncine imbottite per avere ambienti sempre Sani e belli","robots":{"index":"index","follow":"follow","max-snippet":"max-snippet:-1","max-image-preview":"max-image-preview:large","max-video-preview":"max-video-preview:-1"},"canonical":"https:\/\/pulizieuffici.biz\/index.php\/lavaggio-tessuti\/","og_locale":"it_IT","og_type":"article","og_title":"LAVAGGIO MOQUETTE &#8902; Pegaso S.R.L &#8902; Pulizie specializzate","og_description":"Lavare il pavimento in tessuto o i divanetti dell'ufficio o le poltroncine imbottite per avere ambienti sempre Sani e belli","og_url":"https:\/\/pulizieuffici.biz\/index.php\/lavaggio-tessuti\/","og_site_name":"Pegaso S.R.L","article_publisher":"https:\/\/www.facebook.com\/pegason.it","article_modified_time":"2021-08-05T14:11:39+00:00","og_image":[{"width":1200,"height":600,"url":"https:\/\/pulizieuffici.biz\/wp-content\/uploads\/2021\/08\/AdobeStock_199511179.jpg","type":"image\/jpeg"}],"twitter_card":"summary_large_image","twitter_misc":{"Tempo di lettura stimato":"2 minuti"},"schema":{"@context":"https:\/\/schema.org","@graph":[{"@type":"Organization","@id":"https:\/\/pulizieuffici.biz\/#organization","name":"Pegaso srl","url":"https:\/\/pulizieuffici.biz\/","sameAs":["https:\/\/www.facebook.com\/pegason.it"],"logo":{"@type":"ImageObject","@id":"https:\/\/pulizieuffici.biz\/#logo","inLanguage":"it-IT","url":"https:\/\/pulizieuffici.biz\/wp-content\/uploads\/2021\/08\/logo3.png","contentUrl":"https:\/\/pulizieuffici.biz\/wp-content\/uploads\/2021\/08\/logo3.png","width":200,"height":200,"caption":"Pegaso srl"},"image":{"@id":"https:\/\/pulizieuffici.biz\/#logo"}},{"@type":"WebSite","@id":"https:\/\/pulizieuffici.biz\/#website","url":"https:\/\/pulizieuffici.biz\/","name":"Pegaso S.R.L","description":"Il mito del pulito!","publisher":{"@id":"https:\/\/pulizieuffici.biz\/#organization"},"potentialAction":[{"@type":"SearchAction","target":{"@type":"EntryPoint","urlTemplate":"https:\/\/pulizieuffici.biz\/?s={search_term_string}"},"query-input":"required name=search_term_string"}],"inLanguage":"it-IT"},{"@type":"ImageObject","@id":"https:\/\/pulizieuffici.biz\/index.php\/lavaggio-tessuti\/#primaryimage","inLanguage":"it-IT","url":"https:\/\/pulizieuffici.biz\/wp-content\/uploads\/2021\/08\/AdobeStock_199511179.jpg","contentUrl":"https:\/\/pulizieuffici.biz\/wp-content\/uploads\/2021\/08\/AdobeStock_199511179.jpg","width":1200,"height":600,"caption":"Iniezione ed estrazione di acqua e disinfettante"},{"@type":"WebPage","@id":"https:\/\/pulizieuffici.biz\/index.php\/lavaggio-tessuti\/#webpage","url":"https:\/\/pulizieuffici.biz\/index.php\/lavaggio-tessuti\/","name":"LAVAGGIO MOQUETTE &#8902; Pegaso S.R.L &#8902; Pulizie specializzate","isPartOf":{"@id":"https:\/\/pulizieuffici.biz\/#website"},"primaryImageOfPage":{"@id":"https:\/\/pulizieuffici.biz\/index.php\/lavaggio-tessuti\/#primaryimage"},"datePublished":"2021-06-15T07:15:10+00:00","dateModified":"2021-08-05T14:11:39+00:00","description":"Lavare il pavimento in tessuto o i divanetti dell'ufficio o le poltroncine imbottite per avere ambienti sempre Sani e belli","breadcrumb":{"@id":"https:\/\/pulizieuffici.biz\/index.php\/lavaggio-tessuti\/#breadcrumb"},"inLanguage":"it-IT","potentialAction":[{"@type":"ReadAction","target":["https:\/\/pulizieuffici.biz\/index.php\/lavaggio-tessuti\/"]}]},{"@type":"BreadcrumbList","@id":"https:\/\/pulizieuffici.biz\/index.php\/lavaggio-tessuti\/#breadcrumb","itemListElement":[{"@type":"ListItem","position":1,"name":"Home","item":"https:\/\/pulizieuffici.biz\/"},{"@type":"ListItem","position":2,"name":"LAVAGGIO MOQUETTE"}]}]}},"_links":{"self":[{"href":"https:\/\/pulizieuffici.biz\/index.php\/wp-json\/wp\/v2\/pages\/69","targetHints":{"allow":["GET"]}}],"collection":[{"href":"https:\/\/pulizieuffici.biz\/index.php\/wp-json\/wp\/v2\/pages"}],"about":[{"href":"https:\/\/pulizieuffici.biz\/index.php\/wp-json\/wp\/v2\/types\/page"}],"author":[{"embeddable":true,"href":"https:\/\/pulizieuffici.biz\/index.php\/wp-json\/wp\/v2\/users\/1"}],"replies":[{"embeddable":true,"href":"https:\/\/pulizieuffici.biz\/index.php\/wp-json\/wp\/v2\/comments?post=69"}],"version-history":[{"count":9,"href":"https:\/\/pulizieuffici.biz\/index.php\/wp-json\/wp\/v2\/pages\/69\/revisions"}],"predecessor-version":[{"id":677,"href":"https:\/\/pulizieuffici.biz\/index.php\/wp-json\/wp\/v2\/pages\/69\/revisions\/677"}],"wp:featuredmedia":[{"embeddable":true,"href":"https:\/\/pulizieuffici.biz\/index.php\/wp-json\/wp\/v2\/media\/665"}],"wp:attachment":[{"href":"https:\/\/pulizieuffici.biz\/index.php\/wp-json\/wp\/v2\/media?parent=69"}],"curies":[{"name":"wp","href":"https:\/\/api.w.org\/{rel}","templated":true}]}}