{"id":940,"date":"2025-01-23T16:24:12","date_gmt":"2025-01-23T15:24:12","guid":{"rendered":"https:\/\/pulizieuffici.biz\/?page_id=940"},"modified":"2025-01-24T15:01:42","modified_gmt":"2025-01-24T14:01:42","slug":"whistleblowing","status":"publish","type":"page","link":"https:\/\/pulizieuffici.biz\/index.php\/whistleblowing\/","title":{"rendered":"whistleblowing"},"content":{"rendered":"\r\n<div class=\"wp-block-group mycontainer ombra\"><div class=\"wp-block-group__inner-container is-layout-flow wp-block-group-is-layout-flow\">\r\n<div class=\"container\">\r\n    <h2>Introduzione<\/h2>\r\n    <p>\r\n        Pegaso Srl si impegna a mantenere i pi\u00f9 alti standard etici e a garantire la conformit\u00e0 alle normative vigenti. \r\n        Questa policy descrive il processo di segnalazione di comportamenti illeciti, garantendo protezione e anonimato a chi effettua la segnalazione.\r\n    <\/p>\r\n\r\n    <h2>Scopo<\/h2>\r\n    <p>\r\n        Lo scopo di questa policy \u00e8 incoraggiare i dipendenti, collaboratori, fornitori e altri stakeholder a segnalare eventuali violazioni \r\n        di leggi, regolamenti o standard etici senza timore di ritorsioni.\r\n    <\/p>\r\n\r\n    <h2>Chi pu\u00f2 segnalare?<\/h2>\r\n    <p>\r\n        La piattaforma di whistleblowing \u00e8 accessibile a:\r\n    <\/p>\r\n    <ul>\r\n        <li>Dipendenti di Pegaso Srl<\/li>\r\n        <li>Collaboratori esterni<\/li>\r\n        <li>Fornitori e appaltatori<\/li>\r\n        <li>Qualsiasi altra parte interessata<\/li>\r\n    <\/ul>\r\n\r\n    <h2>Quali comportamenti segnalare?<\/h2>\r\n    <p>\r\n        \u00c8 possibile segnalare, tra gli altri:\r\n    <\/p>\r\n    <ul>\r\n        <li>Frodi o corruzione<\/li>\r\n        <li>Violazioni delle normative sulla sicurezza<\/li>\r\n        <li>Conflitti di interesse<\/li>\r\n        <li>Comportamenti discriminatori o molestie<\/li>\r\n        <li>Qualsiasi altra violazione delle politiche aziendali<\/li>\r\n    <\/ul>\r\n\r\n    <h2>Modalit\u00e0 di segnalazione<\/h2>\r\n    <p>\r\n        Per effettuare una segnalazione, puoi utilizzare uno dei seguenti canali:\r\n    <\/p>\r\n    <ol>\r\n        <li>Piattaforma di whistleblowing online, accessibile <a href=\"https:\/\/whistleblowing.pulizieuffici.biz\/#\/\">qui<\/a>.<\/li>\r\n        <li>Email dedicata: <a href=\"mailto:whistleblowing@pegason.it\">whistleblowing@pegason.it<\/a>.<\/li>\r\n        <li>Linea telefonica riservata: +39 0331 407226.<\/li>\r\n    <\/ol>\r\n\r\n    <h2>Protezione del segnalante<\/h2>\r\n    <p>\r\n        Pegaso Srl garantisce la massima riservatezza e protezione contro qualsiasi forma di ritorsione per chi effettua segnalazioni in buona fede.\r\n        Le segnalazioni possono essere effettuate in forma anonima.\r\n    <\/p>\r\n\r\n    <h2>Gestione delle segnalazioni<\/h2>\r\n    <p>\r\n        Ogni segnalazione sar\u00e0 gestita con seriet\u00e0 e tempestivit\u00e0 da un team dedicato. Saranno adottate tutte le misure necessarie per investigare \r\n        e, ove necessario, risolvere il problema segnalato.\r\n    <\/p>\r\n\r\n    <h2>Contatti<\/h2>\r\n    <p>\r\n        Per ulteriori informazioni, contatta il team responsabile all&#8217;indirizzo <a href=\"mailto:info@pegason.it\">info@pegason.it<\/a>.\r\n    <\/p>\r\n<\/div>\r\n<\/div><\/div>","protected":false},"excerpt":{"rendered":"<p>Introduzione Pegaso Srl si impegna a mantenere i pi\u00f9 alti standard etici e a garantire la conformit\u00e0 alle normative vigenti. Questa policy descrive il processo di segnalazione di comportamenti illeciti, garantendo protezione e anonimato a chi effettua la segnalazione. Scopo Lo scopo di questa policy \u00e8 incoraggiare i dipendenti, collaboratori, fornitori e altri stakeholder a [&hellip;]<\/p>\n","protected":false},"author":1,"featured_media":0,"parent":0,"menu_order":0,"comment_status":"closed","ping_status":"closed","template":"","meta":{"footnotes":""},"class_list":["post-940","page","type-page","status-publish","hentry"],"yoast_head":"<!-- This site is optimized with the Yoast SEO plugin v17.9 - https:\/\/yoast.com\/wordpress\/plugins\/seo\/ -->\n<title>whistleblowing &#8902; Pegaso S.R.L<\/title>\n<meta name=\"robots\" content=\"index, follow, max-snippet:-1, max-image-preview:large, max-video-preview:-1\" \/>\n<link rel=\"canonical\" href=\"https:\/\/pulizieuffici.biz\/index.php\/whistleblowing\/\" \/>\n<meta property=\"og:locale\" content=\"it_IT\" \/>\n<meta property=\"og:type\" content=\"article\" \/>\n<meta property=\"og:title\" content=\"whistleblowing &#8902; Pegaso S.R.L\" \/>\n<meta property=\"og:description\" content=\"Introduzione Pegaso Srl si impegna a mantenere i pi\u00f9 alti standard etici e a garantire la conformit\u00e0 alle normative vigenti. Questa policy descrive il processo di segnalazione di comportamenti illeciti, garantendo protezione e anonimato a chi effettua la segnalazione. Scopo Lo scopo di questa policy \u00e8 incoraggiare i dipendenti, collaboratori, fornitori e altri stakeholder a [&hellip;]\" \/>\n<meta property=\"og:url\" content=\"https:\/\/pulizieuffici.biz\/index.php\/whistleblowing\/\" \/>\n<meta property=\"og:site_name\" content=\"Pegaso S.R.L\" \/>\n<meta property=\"article:publisher\" content=\"https:\/\/www.facebook.com\/pegason.it\" \/>\n<meta property=\"article:modified_time\" content=\"2025-01-24T14:01:42+00:00\" \/>\n<meta name=\"twitter:card\" content=\"summary_large_image\" \/>\n<meta name=\"twitter:label1\" content=\"Tempo di lettura stimato\" \/>\n\t<meta name=\"twitter:data1\" content=\"1 minuto\" \/>\n<script type=\"application\/ld+json\" class=\"yoast-schema-graph\">{\"@context\":\"https:\/\/schema.org\",\"@graph\":[{\"@type\":\"Organization\",\"@id\":\"https:\/\/pulizieuffici.biz\/#organization\",\"name\":\"Pegaso srl\",\"url\":\"https:\/\/pulizieuffici.biz\/\",\"sameAs\":[\"https:\/\/www.facebook.com\/pegason.it\"],\"logo\":{\"@type\":\"ImageObject\",\"@id\":\"https:\/\/pulizieuffici.biz\/#logo\",\"inLanguage\":\"it-IT\",\"url\":\"https:\/\/pulizieuffici.biz\/wp-content\/uploads\/2021\/08\/logo3.png\",\"contentUrl\":\"https:\/\/pulizieuffici.biz\/wp-content\/uploads\/2021\/08\/logo3.png\",\"width\":200,\"height\":200,\"caption\":\"Pegaso srl\"},\"image\":{\"@id\":\"https:\/\/pulizieuffici.biz\/#logo\"}},{\"@type\":\"WebSite\",\"@id\":\"https:\/\/pulizieuffici.biz\/#website\",\"url\":\"https:\/\/pulizieuffici.biz\/\",\"name\":\"Pegaso S.R.L\",\"description\":\"Il mito del pulito!\",\"publisher\":{\"@id\":\"https:\/\/pulizieuffici.biz\/#organization\"},\"potentialAction\":[{\"@type\":\"SearchAction\",\"target\":{\"@type\":\"EntryPoint\",\"urlTemplate\":\"https:\/\/pulizieuffici.biz\/?s={search_term_string}\"},\"query-input\":\"required name=search_term_string\"}],\"inLanguage\":\"it-IT\"},{\"@type\":\"WebPage\",\"@id\":\"https:\/\/pulizieuffici.biz\/index.php\/whistleblowing\/#webpage\",\"url\":\"https:\/\/pulizieuffici.biz\/index.php\/whistleblowing\/\",\"name\":\"whistleblowing &#8902; Pegaso S.R.L\",\"isPartOf\":{\"@id\":\"https:\/\/pulizieuffici.biz\/#website\"},\"datePublished\":\"2025-01-23T15:24:12+00:00\",\"dateModified\":\"2025-01-24T14:01:42+00:00\",\"breadcrumb\":{\"@id\":\"https:\/\/pulizieuffici.biz\/index.php\/whistleblowing\/#breadcrumb\"},\"inLanguage\":\"it-IT\",\"potentialAction\":[{\"@type\":\"ReadAction\",\"target\":[\"https:\/\/pulizieuffici.biz\/index.php\/whistleblowing\/\"]}]},{\"@type\":\"BreadcrumbList\",\"@id\":\"https:\/\/pulizieuffici.biz\/index.php\/whistleblowing\/#breadcrumb\",\"itemListElement\":[{\"@type\":\"ListItem\",\"position\":1,\"name\":\"Home\",\"item\":\"https:\/\/pulizieuffici.biz\/\"},{\"@type\":\"ListItem\",\"position\":2,\"name\":\"whistleblowing\"}]}]}<\/script>\n<!-- \/ Yoast SEO plugin. -->","yoast_head_json":{"title":"whistleblowing &#8902; Pegaso S.R.L","robots":{"index":"index","follow":"follow","max-snippet":"max-snippet:-1","max-image-preview":"max-image-preview:large","max-video-preview":"max-video-preview:-1"},"canonical":"https:\/\/pulizieuffici.biz\/index.php\/whistleblowing\/","og_locale":"it_IT","og_type":"article","og_title":"whistleblowing &#8902; Pegaso S.R.L","og_description":"Introduzione Pegaso Srl si impegna a mantenere i pi\u00f9 alti standard etici e a garantire la conformit\u00e0 alle normative vigenti. Questa policy descrive il processo di segnalazione di comportamenti illeciti, garantendo protezione e anonimato a chi effettua la segnalazione. Scopo Lo scopo di questa policy \u00e8 incoraggiare i dipendenti, collaboratori, fornitori e altri stakeholder a [&hellip;]","og_url":"https:\/\/pulizieuffici.biz\/index.php\/whistleblowing\/","og_site_name":"Pegaso S.R.L","article_publisher":"https:\/\/www.facebook.com\/pegason.it","article_modified_time":"2025-01-24T14:01:42+00:00","twitter_card":"summary_large_image","twitter_misc":{"Tempo di lettura stimato":"1 minuto"},"schema":{"@context":"https:\/\/schema.org","@graph":[{"@type":"Organization","@id":"https:\/\/pulizieuffici.biz\/#organization","name":"Pegaso srl","url":"https:\/\/pulizieuffici.biz\/","sameAs":["https:\/\/www.facebook.com\/pegason.it"],"logo":{"@type":"ImageObject","@id":"https:\/\/pulizieuffici.biz\/#logo","inLanguage":"it-IT","url":"https:\/\/pulizieuffici.biz\/wp-content\/uploads\/2021\/08\/logo3.png","contentUrl":"https:\/\/pulizieuffici.biz\/wp-content\/uploads\/2021\/08\/logo3.png","width":200,"height":200,"caption":"Pegaso srl"},"image":{"@id":"https:\/\/pulizieuffici.biz\/#logo"}},{"@type":"WebSite","@id":"https:\/\/pulizieuffici.biz\/#website","url":"https:\/\/pulizieuffici.biz\/","name":"Pegaso S.R.L","description":"Il mito del pulito!","publisher":{"@id":"https:\/\/pulizieuffici.biz\/#organization"},"potentialAction":[{"@type":"SearchAction","target":{"@type":"EntryPoint","urlTemplate":"https:\/\/pulizieuffici.biz\/?s={search_term_string}"},"query-input":"required name=search_term_string"}],"inLanguage":"it-IT"},{"@type":"WebPage","@id":"https:\/\/pulizieuffici.biz\/index.php\/whistleblowing\/#webpage","url":"https:\/\/pulizieuffici.biz\/index.php\/whistleblowing\/","name":"whistleblowing &#8902; Pegaso S.R.L","isPartOf":{"@id":"https:\/\/pulizieuffici.biz\/#website"},"datePublished":"2025-01-23T15:24:12+00:00","dateModified":"2025-01-24T14:01:42+00:00","breadcrumb":{"@id":"https:\/\/pulizieuffici.biz\/index.php\/whistleblowing\/#breadcrumb"},"inLanguage":"it-IT","potentialAction":[{"@type":"ReadAction","target":["https:\/\/pulizieuffici.biz\/index.php\/whistleblowing\/"]}]},{"@type":"BreadcrumbList","@id":"https:\/\/pulizieuffici.biz\/index.php\/whistleblowing\/#breadcrumb","itemListElement":[{"@type":"ListItem","position":1,"name":"Home","item":"https:\/\/pulizieuffici.biz\/"},{"@type":"ListItem","position":2,"name":"whistleblowing"}]}]}},"_links":{"self":[{"href":"https:\/\/pulizieuffici.biz\/index.php\/wp-json\/wp\/v2\/pages\/940","targetHints":{"allow":["GET"]}}],"collection":[{"href":"https:\/\/pulizieuffici.biz\/index.php\/wp-json\/wp\/v2\/pages"}],"about":[{"href":"https:\/\/pulizieuffici.biz\/index.php\/wp-json\/wp\/v2\/types\/page"}],"author":[{"embeddable":true,"href":"https:\/\/pulizieuffici.biz\/index.php\/wp-json\/wp\/v2\/users\/1"}],"replies":[{"embeddable":true,"href":"https:\/\/pulizieuffici.biz\/index.php\/wp-json\/wp\/v2\/comments?post=940"}],"version-history":[{"count":4,"href":"https:\/\/pulizieuffici.biz\/index.php\/wp-json\/wp\/v2\/pages\/940\/revisions"}],"predecessor-version":[{"id":950,"href":"https:\/\/pulizieuffici.biz\/index.php\/wp-json\/wp\/v2\/pages\/940\/revisions\/950"}],"wp:attachment":[{"href":"https:\/\/pulizieuffici.biz\/index.php\/wp-json\/wp\/v2\/media?parent=940"}],"curies":[{"name":"wp","href":"https:\/\/api.w.org\/{rel}","templated":true}]}}