{"id":989,"date":"2025-04-01T15:38:57","date_gmt":"2025-04-01T13:38:57","guid":{"rendered":"https:\/\/pulizieuffici.biz\/?page_id=989"},"modified":"2025-10-24T16:08:46","modified_gmt":"2025-10-24T14:08:46","slug":"iso-9001","status":"publish","type":"page","link":"https:\/\/pulizieuffici.biz\/index.php\/iso-9001\/","title":{"rendered":"ISO 9001"},"content":{"rendered":"<div class=\"wp-block-group mycontainer ombra\">\n<div class=\"container\">\n<p>\n        La ISO 9001 \u00e8 una norma internazionale che stabilisce i requisiti per un Sistema di Gestione della Qualit\u00e0 (SGQ).<br \/>\n      \u00c8 applicabile a qualsiasi organizzazione, indipendentemente dalle sue dimensioni o dal settore, e aiuta le aziende<br \/>\n      a migliorare continuamente le proprie prestazioni. La norma fornisce una base solida per garantire che i prodotti e<br \/>\n      i servizi soddisfino costantemente le esigenze e le aspettative dei clienti.\n    <\/p>\n<p>\n        Implementare un sistema ISO 9001 significa che un&#8217;azienda si impegna a fornire prodotti e servizi di alta qualit\u00e0 e<br \/>\n      a migliorare continuamente i suoi processi interni. Questo approccio basato sulla qualit\u00e0 offre numerosi vantaggi,<br \/>\n      tra cui una maggiore efficienza operativa, il miglioramento della soddisfazione del cliente e la riduzione degli sprechi.\n    <\/p>\n<p>\n        Un aspetto fondamentale della ISO 9001 \u00e8 il miglioramento continuo. La norma incoraggia le organizzazioni a monitorare<br \/>\n      e valutare costantemente le proprie performance, identificare le aree di miglioramento e adottare soluzioni per<br \/>\n      ottimizzare i processi. Questo approccio proattivo assicura che l&#8217;azienda resti competitiva e risponda alle sfide in modo efficace.\n    <\/p>\n<p>\n        La certificazione ISO 9001 \u00e8 riconosciuta a livello globale e dimostra l&#8217;impegno di un&#8217;organizzazione nel soddisfare<br \/>\n      gli standard internazionali di qualit\u00e0. Essere certificati ISO 9001 pu\u00f2 anche rappresentare un vantaggio competitivo,<br \/>\n      poich\u00e9 molte aziende e enti pubblici preferiscono collaborare con fornitori che possiedono questa certificazione.\n    <\/p>\n<p>\n        In conclusione, la ISO 9001 non solo aiuta le aziende a raggiungere e mantenere elevati standard di qualit\u00e0, ma promuove<br \/>\n      anche una cultura aziendale orientata al miglioramento continuo. Qui sotto, \u00e8 possibile vedere la nostra certificazione<br \/>\n      ISO 9001, che testimonia il nostro impegno verso la qualit\u00e0 e la soddisfazione del cliente.\n    <\/p>\n<\/div>\n<\/div>\n<div class=\"document-container\" onclick=\"openDocument('https:\/\/pulizieuffici.biz\/iso9001.pdf')\">\n<div class=\"document-info\">\n            <img decoding=\"async\" class=\"document-icon\" src=\"https:\/\/img.icons8.com\/?size=100&#038;id=5jar9D6idwWX&#038;format=png&#038;color=000000\" alt=\"PDF\" \/><\/p>\n<div>\n<div class=\"document-title\">Certificazione ISO 9001<\/div>\n<div class=\"document-meta\">.PDF 372.00 KB<\/div>\n<\/p><\/div>\n<\/p><\/div>\n<p>        <a class=\"download-link\" href=\"https:\/\/pulizieuffici.biz\/iso9001.pdf\" target=\"_blank\" rel=\"noopener\"><br \/>\n            <img decoding=\"async\" src=\"https:\/\/img.icons8.com\/?size=100&#038;id=VGQlJM067vkN&#038;format=png&#038;color=000000\" width=30><br \/>\n        <\/a>\n    <\/div>\n<div class=\"document-container\" onclick=\"openDocument('https:\/\/pulizieuffici.biz\/Politica_Qualita.pdf')\">\n<div class=\"document-info\">\n            <img decoding=\"async\" class=\"document-icon\" src=\"https:\/\/img.icons8.com\/?size=100&#038;id=5jar9D6idwWX&#038;format=png&#038;color=000000\" alt=\"PDF\" \/><\/p>\n<div>\n<div class=\"document-title\">Politica Qualit\u00e0<\/div>\n<div class=\"document-meta\">.PDF 77.00 KB<\/div>\n<\/p><\/div>\n<\/p><\/div>\n<p>        <a class=\"download-link\" href=\"https:\/\/pulizieuffici.biz\/Politica_Qualita.pdf\" target=\"_blank\" rel=\"noopener\"><br \/>\n            <img decoding=\"async\" src=\"https:\/\/img.icons8.com\/?size=100&#038;id=VGQlJM067vkN&#038;format=png&#038;color=000000\" width=30><br \/>\n        <\/a>\n    <\/div>\n<style>\n       body {\n            font-family: Arial, sans-serif;\n            background-color: #f5f7fa;<\/p>\n<p>        }\n        .document-container {\n            background: white;\n            padding: 15px;\n            margin-bottom: 15px;\n            border-radius: 8px;\n            display: flex;\n            align-items: center;\n            justify-content: space-between;\n            cursor: pointer;\n        }\n        .document-info {\n            display: flex;\n            align-items: center;\n        }\n        .document-icon {\n            width: 30px;\n            height: 30px;\n            margin-right: 10px;\n        }\n        .document-title {\n            font-size: 16px;\n            font-weight: bold;\n        }\n        .document-meta {\n            font-size: 14px;\n            color: gray;\n        }\n    <\/style>\n<p><script>\n        function openDocument(url) {\n            window.open(url, '_blank');\n        }\n    <\/script><\/p>\n","protected":false},"excerpt":{"rendered":"<p>La ISO 9001 \u00e8 una norma internazionale che stabilisce i requisiti per un Sistema di Gestione della Qualit\u00e0 (SGQ). \u00c8 applicabile a qualsiasi organizzazione, indipendentemente dalle sue dimensioni o dal settore, e aiuta le aziende a migliorare continuamente le proprie prestazioni. La norma fornisce una base solida per garantire che i prodotti e i servizi [&hellip;]<\/p>\n","protected":false},"author":1,"featured_media":0,"parent":0,"menu_order":0,"comment_status":"closed","ping_status":"closed","template":"","meta":{"footnotes":""},"class_list":["post-989","page","type-page","status-publish","hentry"],"yoast_head":"<!-- This site is optimized with the Yoast SEO plugin v17.9 - https:\/\/yoast.com\/wordpress\/plugins\/seo\/ -->\n<title>ISO 9001 &#8902; Pegaso S.R.L<\/title>\n<meta name=\"robots\" content=\"index, follow, max-snippet:-1, max-image-preview:large, max-video-preview:-1\" \/>\n<link rel=\"canonical\" href=\"https:\/\/pulizieuffici.biz\/index.php\/iso-9001\/\" \/>\n<meta property=\"og:locale\" content=\"it_IT\" \/>\n<meta property=\"og:type\" content=\"article\" \/>\n<meta property=\"og:title\" content=\"ISO 9001 &#8902; Pegaso S.R.L\" \/>\n<meta property=\"og:description\" content=\"La ISO 9001 \u00e8 una norma internazionale che stabilisce i requisiti per un Sistema di Gestione della Qualit\u00e0 (SGQ). \u00c8 applicabile a qualsiasi organizzazione, indipendentemente dalle sue dimensioni o dal settore, e aiuta le aziende a migliorare continuamente le proprie prestazioni. La norma fornisce una base solida per garantire che i prodotti e i servizi [&hellip;]\" \/>\n<meta property=\"og:url\" content=\"https:\/\/pulizieuffici.biz\/index.php\/iso-9001\/\" \/>\n<meta property=\"og:site_name\" content=\"Pegaso S.R.L\" \/>\n<meta property=\"article:publisher\" content=\"https:\/\/www.facebook.com\/pegason.it\" \/>\n<meta property=\"article:modified_time\" content=\"2025-10-24T14:08:46+00:00\" \/>\n<meta property=\"og:image\" content=\"https:\/\/img.icons8.com\/?size=100&#038;id=5jar9D6idwWX&#038;format=png&#038;color=000000\" \/>\n<meta name=\"twitter:card\" content=\"summary_large_image\" \/>\n<meta name=\"twitter:label1\" content=\"Tempo di lettura stimato\" \/>\n\t<meta name=\"twitter:data1\" content=\"1 minuto\" \/>\n<script type=\"application\/ld+json\" class=\"yoast-schema-graph\">{\"@context\":\"https:\/\/schema.org\",\"@graph\":[{\"@type\":\"Organization\",\"@id\":\"https:\/\/pulizieuffici.biz\/#organization\",\"name\":\"Pegaso srl\",\"url\":\"https:\/\/pulizieuffici.biz\/\",\"sameAs\":[\"https:\/\/www.facebook.com\/pegason.it\"],\"logo\":{\"@type\":\"ImageObject\",\"@id\":\"https:\/\/pulizieuffici.biz\/#logo\",\"inLanguage\":\"it-IT\",\"url\":\"https:\/\/pulizieuffici.biz\/wp-content\/uploads\/2021\/08\/logo3.png\",\"contentUrl\":\"https:\/\/pulizieuffici.biz\/wp-content\/uploads\/2021\/08\/logo3.png\",\"width\":200,\"height\":200,\"caption\":\"Pegaso srl\"},\"image\":{\"@id\":\"https:\/\/pulizieuffici.biz\/#logo\"}},{\"@type\":\"WebSite\",\"@id\":\"https:\/\/pulizieuffici.biz\/#website\",\"url\":\"https:\/\/pulizieuffici.biz\/\",\"name\":\"Pegaso S.R.L\",\"description\":\"Il mito del pulito!\",\"publisher\":{\"@id\":\"https:\/\/pulizieuffici.biz\/#organization\"},\"potentialAction\":[{\"@type\":\"SearchAction\",\"target\":{\"@type\":\"EntryPoint\",\"urlTemplate\":\"https:\/\/pulizieuffici.biz\/?s={search_term_string}\"},\"query-input\":\"required name=search_term_string\"}],\"inLanguage\":\"it-IT\"},{\"@type\":\"ImageObject\",\"@id\":\"https:\/\/pulizieuffici.biz\/index.php\/iso-9001\/#primaryimage\",\"inLanguage\":\"it-IT\",\"url\":\"https:\/\/img.icons8.com\/?size=100&id=5jar9D6idwWX&format=png&color=000000\",\"contentUrl\":\"https:\/\/img.icons8.com\/?size=100&id=5jar9D6idwWX&format=png&color=000000\"},{\"@type\":\"WebPage\",\"@id\":\"https:\/\/pulizieuffici.biz\/index.php\/iso-9001\/#webpage\",\"url\":\"https:\/\/pulizieuffici.biz\/index.php\/iso-9001\/\",\"name\":\"ISO 9001 &#8902; Pegaso S.R.L\",\"isPartOf\":{\"@id\":\"https:\/\/pulizieuffici.biz\/#website\"},\"primaryImageOfPage\":{\"@id\":\"https:\/\/pulizieuffici.biz\/index.php\/iso-9001\/#primaryimage\"},\"datePublished\":\"2025-04-01T13:38:57+00:00\",\"dateModified\":\"2025-10-24T14:08:46+00:00\",\"breadcrumb\":{\"@id\":\"https:\/\/pulizieuffici.biz\/index.php\/iso-9001\/#breadcrumb\"},\"inLanguage\":\"it-IT\",\"potentialAction\":[{\"@type\":\"ReadAction\",\"target\":[\"https:\/\/pulizieuffici.biz\/index.php\/iso-9001\/\"]}]},{\"@type\":\"BreadcrumbList\",\"@id\":\"https:\/\/pulizieuffici.biz\/index.php\/iso-9001\/#breadcrumb\",\"itemListElement\":[{\"@type\":\"ListItem\",\"position\":1,\"name\":\"Home\",\"item\":\"https:\/\/pulizieuffici.biz\/\"},{\"@type\":\"ListItem\",\"position\":2,\"name\":\"ISO 9001\"}]}]}<\/script>\n<!-- \/ Yoast SEO plugin. -->","yoast_head_json":{"title":"ISO 9001 &#8902; Pegaso S.R.L","robots":{"index":"index","follow":"follow","max-snippet":"max-snippet:-1","max-image-preview":"max-image-preview:large","max-video-preview":"max-video-preview:-1"},"canonical":"https:\/\/pulizieuffici.biz\/index.php\/iso-9001\/","og_locale":"it_IT","og_type":"article","og_title":"ISO 9001 &#8902; Pegaso S.R.L","og_description":"La ISO 9001 \u00e8 una norma internazionale che stabilisce i requisiti per un Sistema di Gestione della Qualit\u00e0 (SGQ). \u00c8 applicabile a qualsiasi organizzazione, indipendentemente dalle sue dimensioni o dal settore, e aiuta le aziende a migliorare continuamente le proprie prestazioni. La norma fornisce una base solida per garantire che i prodotti e i servizi [&hellip;]","og_url":"https:\/\/pulizieuffici.biz\/index.php\/iso-9001\/","og_site_name":"Pegaso S.R.L","article_publisher":"https:\/\/www.facebook.com\/pegason.it","article_modified_time":"2025-10-24T14:08:46+00:00","og_image":[{"url":"https:\/\/img.icons8.com\/?size=100&id=5jar9D6idwWX&format=png&color=000000"}],"twitter_card":"summary_large_image","twitter_misc":{"Tempo di lettura stimato":"1 minuto"},"schema":{"@context":"https:\/\/schema.org","@graph":[{"@type":"Organization","@id":"https:\/\/pulizieuffici.biz\/#organization","name":"Pegaso srl","url":"https:\/\/pulizieuffici.biz\/","sameAs":["https:\/\/www.facebook.com\/pegason.it"],"logo":{"@type":"ImageObject","@id":"https:\/\/pulizieuffici.biz\/#logo","inLanguage":"it-IT","url":"https:\/\/pulizieuffici.biz\/wp-content\/uploads\/2021\/08\/logo3.png","contentUrl":"https:\/\/pulizieuffici.biz\/wp-content\/uploads\/2021\/08\/logo3.png","width":200,"height":200,"caption":"Pegaso srl"},"image":{"@id":"https:\/\/pulizieuffici.biz\/#logo"}},{"@type":"WebSite","@id":"https:\/\/pulizieuffici.biz\/#website","url":"https:\/\/pulizieuffici.biz\/","name":"Pegaso S.R.L","description":"Il mito del pulito!","publisher":{"@id":"https:\/\/pulizieuffici.biz\/#organization"},"potentialAction":[{"@type":"SearchAction","target":{"@type":"EntryPoint","urlTemplate":"https:\/\/pulizieuffici.biz\/?s={search_term_string}"},"query-input":"required name=search_term_string"}],"inLanguage":"it-IT"},{"@type":"ImageObject","@id":"https:\/\/pulizieuffici.biz\/index.php\/iso-9001\/#primaryimage","inLanguage":"it-IT","url":"https:\/\/img.icons8.com\/?size=100&id=5jar9D6idwWX&format=png&color=000000","contentUrl":"https:\/\/img.icons8.com\/?size=100&id=5jar9D6idwWX&format=png&color=000000"},{"@type":"WebPage","@id":"https:\/\/pulizieuffici.biz\/index.php\/iso-9001\/#webpage","url":"https:\/\/pulizieuffici.biz\/index.php\/iso-9001\/","name":"ISO 9001 &#8902; Pegaso S.R.L","isPartOf":{"@id":"https:\/\/pulizieuffici.biz\/#website"},"primaryImageOfPage":{"@id":"https:\/\/pulizieuffici.biz\/index.php\/iso-9001\/#primaryimage"},"datePublished":"2025-04-01T13:38:57+00:00","dateModified":"2025-10-24T14:08:46+00:00","breadcrumb":{"@id":"https:\/\/pulizieuffici.biz\/index.php\/iso-9001\/#breadcrumb"},"inLanguage":"it-IT","potentialAction":[{"@type":"ReadAction","target":["https:\/\/pulizieuffici.biz\/index.php\/iso-9001\/"]}]},{"@type":"BreadcrumbList","@id":"https:\/\/pulizieuffici.biz\/index.php\/iso-9001\/#breadcrumb","itemListElement":[{"@type":"ListItem","position":1,"name":"Home","item":"https:\/\/pulizieuffici.biz\/"},{"@type":"ListItem","position":2,"name":"ISO 9001"}]}]}},"_links":{"self":[{"href":"https:\/\/pulizieuffici.biz\/index.php\/wp-json\/wp\/v2\/pages\/989","targetHints":{"allow":["GET"]}}],"collection":[{"href":"https:\/\/pulizieuffici.biz\/index.php\/wp-json\/wp\/v2\/pages"}],"about":[{"href":"https:\/\/pulizieuffici.biz\/index.php\/wp-json\/wp\/v2\/types\/page"}],"author":[{"embeddable":true,"href":"https:\/\/pulizieuffici.biz\/index.php\/wp-json\/wp\/v2\/users\/1"}],"replies":[{"embeddable":true,"href":"https:\/\/pulizieuffici.biz\/index.php\/wp-json\/wp\/v2\/comments?post=989"}],"version-history":[{"count":5,"href":"https:\/\/pulizieuffici.biz\/index.php\/wp-json\/wp\/v2\/pages\/989\/revisions"}],"predecessor-version":[{"id":1144,"href":"https:\/\/pulizieuffici.biz\/index.php\/wp-json\/wp\/v2\/pages\/989\/revisions\/1144"}],"wp:attachment":[{"href":"https:\/\/pulizieuffici.biz\/index.php\/wp-json\/wp\/v2\/media?parent=989"}],"curies":[{"name":"wp","href":"https:\/\/api.w.org\/{rel}","templated":true}]}}